{"id":10,"date":"2019-06-20T13:03:54","date_gmt":"2019-06-20T12:03:54","guid":{"rendered":"https:\/\/www.retailsystem.com\/cz\/?page_id=10"},"modified":"2021-07-27T03:28:34","modified_gmt":"2021-07-27T08:28:34","slug":"pricing","status":"publish","type":"page","link":"https:\/\/www.retailsystem.com\/cz\/pricing\/","title":{"rendered":"Ceny"},"content":{"rendered":"\r\n<h6>DOSTUPN\u00c9 MO\u017dNOSTI PRO VA\u0160E PODNIK\u00c1N\u00cd S N\u00c1BYTKEM A POSTELEMI<\/h6>\r\n<h1>Spolehliv\u00fd prodejn\u00ed syst\u00e9m<\/h1>\r\n<h2>Za v\u00fdhodnou cenu<\/h2>\r\n<h5>A\u0165 u\u017e provozujete jeden nebo v\u00edce obchod\u016f, RetailSystem je pro v\u00e1s v\u017edy cenov\u011b dostupn\u00fd &#8211; u\u0161ijeme v\u00e1m cenovou nab\u00eddku na m\u00edru va\u0161emu podnik\u00e1n\u00ed.<\/h5>\r\n<p>Ne\u00fa\u010dtujeme \u017e\u00e1dn\u00e9 poplatky p\u0159edem, ani za samotn\u00e9 nastaven\u00ed syst\u00e9mu. V\u0161e co pot\u0159ebujete k provozu je po\u010d\u00edta\u010d, notebook, iPad nebo tablet.<\/p>\r\n<p>Syst\u00e9m m\u016f\u017eete vyu\u017e\u00edvat bez jak\u00fdchkoli z\u00e1vazk\u016f. Nev\u00e1hejte n\u00e1s kontaktovat pro z\u00edsk\u00e1n\u00ed nez\u00e1vazn\u00e9 cenov\u00e9 nab\u00eddky.<\/p>\r\n<p>Ve\u0161ker\u00fd z\u00e1kaznick\u00fd servis je v cen\u011b. Za aktualizace a nov\u00e9 funkce nezaplat\u00edte ani korunu nav\u00edc. Ty jsou tak\u00e9 zahrnuty! Pokud st\u00e1vaj\u00edc\u00edmu poskytovateli aktu\u00e1ln\u011b plat\u00edte za aktualizace syst\u00e9mu, servery, slu\u017eby a podporu, zjist\u011bte, kolik s n\u00e1mi m\u016f\u017eete u\u0161et\u0159it.<\/p>\r\n<p><a href=\"https:\/\/www.retailsystem.com\/cz\/contact-us\/\" target=\"_self\" rel=\"noopener\">Kontaktujte na\u0161e odborn\u00edky<\/a><img decoding=\"async\" title=\"rs-fav\" src=\"https:\/\/www.retailsystem.com\/cz\/wp-content\/uploads\/sites\/5\/2019\/06\/rs-fav.png\" alt=\"rs-fav\" \/><\/p>\r\n<ul>\r\n<li>Bez poplatku za nastaven\u00ed<\/li>\r\n<li>Bez smlouvy se z\u00e1vazkem<\/li>\r\n<li>Bez poplatk\u016f za aktualizace s nov\u00fdmi funkcemi<\/li>\r\n<li>Bez pot\u0159eby instalace program\u016f<\/li>\r\n<li>Nepot\u0159ebujete \u017e\u00e1dn\u00fd vlastn\u00ed server, o v\u0161e se postar\u00e1me za v\u00e1s<\/li>\r\n<li>Software pln\u011b v cloudu<\/li>\r\n<li>Pln\u011b p\u0159izp\u016fsobiteln\u00fd a \u0161k\u00e1lovateln\u00fd syst\u00e9m<\/li>\r\n<\/ul>\r\n<h6>Jak za\u010d\u00edt<\/h6>\r\n<p>1<div class=\"gs-dots clearfix\"><div class=\"gs-dot\"><\/div><div class=\"gs-dot\"><\/div><div class=\"gs-dot\"><\/div><div class=\"gs-dot\"><\/div><div class=\"gs-dot\"><\/div><\/div><\/p>\r\n<h4>Bezplatn\u00e1 konzultace<\/h4>\r\n<h5>Promluvte si s jedn\u00edm z na\u0161ich expert\u016f o va\u0161em podnik\u00e1n\u00ed.<\/h5>\r\n<p>2<div class=\"gs-dots clearfix\"><div class=\"gs-dot\"><\/div><div class=\"gs-dot\"><\/div><div class=\"gs-dot\"><\/div><div class=\"gs-dot\"><\/div><div class=\"gs-dot\"><\/div><\/div><\/p>\r\n<h5><strong>Uk\u00e1zka syst\u00e9mu<\/strong><\/h5>\r\n<h5>P\u0159edvedeme v\u00e1m uk\u00e1zku syst\u00e9mu a zodpov\u00edme va\u0161e dotazy.<\/h5>\r\n<p>3<div class=\"gs-dots clearfix\"><div class=\"gs-dot\"><\/div><div class=\"gs-dot\"><\/div><div class=\"gs-dot\"><\/div><div class=\"gs-dot\"><\/div><div class=\"gs-dot\"><\/div><\/div><\/p>\r\n<h5><strong>Nastaven\u00ed syst\u00e9mu<\/strong><\/h5>\r\n<h5>V\u0161e pro v\u00e1s p\u0159iprav\u00edme <br \/>(nepot\u0159ebujete nov\u00e1 za\u0159\u00edzen\u00ed).<\/h5>\r\n<p>4<\/p>\r\n<h5><strong>Jste p\u0159ipraveni!<\/strong><\/h5>\r\n<h5>Pozvedn\u011bte sv\u00e9 podnik\u00e1n\u00ed na zcela novou \u00farove\u0148.<\/h5>\r\n<p>Abychom v\u00e1m pomohli za\u010d\u00edt, nab\u00edz\u00edme:<\/p>\r\n<h4>Zdigitalizujeme v\u00e1\u0161 prodejn\u00ed katalog<\/h4>\r\n<h4>Zajist\u00edme import va\u0161ich stav\u00e1j\u00edc\u00edch informac\u00ed o z\u00e1kazn\u00edc\u00edch<\/h4>\r\n<p>&nbsp;<\/p>\r\n<h4>\u0160kolen\u00ed je zahrnut\u00e9 v cen\u011b<\/h4>\r\n<p>&nbsp;<\/p>\r\n<h4>Bezplatn\u00e1 podpora po celou dobu pou\u017e\u00edv\u00e1n\u00ed<\/h4>\r\n<p>&nbsp;<\/p>\r\n<h4>Bezplatn\u00e9 nastaven\u00ed syst\u00e9mu<\/h4>\r\n<p>&nbsp;<\/p>\r\n","protected":false},"excerpt":{"rendered":"<p>DOSTUPN\u00c9 MO\u017dNOSTI PRO VA\u0160E PODNIK\u00c1N\u00cd S N\u00c1BYTKEM A POSTELEMI Spolehliv\u00fd prodejn\u00ed syst\u00e9m Za v\u00fdhodnou cenu A\u0165 u\u017e provozujete jeden nebo v\u00edce obchod\u016f, RetailSystem je pro v\u00e1s v\u017edy cenov\u011b dostupn\u00fd &#8211; u\u0161ijeme v\u00e1m cenovou nab\u00eddku na m\u00edru va\u0161emu podnik\u00e1n\u00ed. Ne\u00fa\u010dtujeme \u017e\u00e1dn\u00e9&#8230;<\/p>\n","protected":false},"author":2,"featured_media":0,"parent":0,"menu_order":0,"comment_status":"closed","ping_status":"closed","template":"","meta":{"_acf_changed":false,"footnotes":""},"class_list":["post-10","page","type-page","status-publish","hentry"],"acf":[],"yoast_head":"<!-- This site is optimized with the Yoast SEO plugin v20.11 - https:\/\/yoast.com\/wordpress\/plugins\/seo\/ -->\n<title>Ceny | RetailSystem - Smart Software for Furniture and Mattress Retailers<\/title>\n<meta name=\"description\" content=\"Whether you&#039;re operating a single store or multiple stores, RetailSystem is so affordable - it works out less than a cup of coffee per day per user.\" \/>\n<meta name=\"robots\" content=\"index, follow, max-snippet:-1, max-image-preview:large, max-video-preview:-1\" \/>\n<link rel=\"canonical\" href=\"https:\/\/www.retailsystem.com\/cz\/pricing\/\" \/>\n<meta property=\"og:locale\" content=\"cs_CZ\" \/>\n<meta property=\"og:type\" content=\"article\" \/>\n<meta property=\"og:title\" content=\"Ceny | RetailSystem - Smart Software for Furniture and Mattress Retailers\" \/>\n<meta property=\"og:description\" content=\"Whether you&#039;re operating a single store or multiple stores, RetailSystem is so affordable - it works out less than a cup of coffee per day per user.\" \/>\n<meta property=\"og:url\" content=\"https:\/\/www.retailsystem.com\/cz\/pricing\/\" \/>\n<meta property=\"og:site_name\" content=\"RetailSystem Czech Republic\" \/>\n<meta property=\"article:modified_time\" content=\"2021-07-27T08:28:34+00:00\" \/>\n<meta property=\"og:image\" content=\"https:\/\/www.retailsystem.com\/cz\/wp-content\/uploads\/sites\/5\/2019\/06\/rs-fav.png\" \/>\n<meta name=\"twitter:card\" content=\"summary_large_image\" \/>\n<meta name=\"twitter:site\" content=\"@jesseakre\" \/>\n<meta name=\"twitter:label1\" content=\"Odhadovan\u00e1 doba \u010dten\u00ed\" \/>\n\t<meta name=\"twitter:data1\" content=\"2 minuty\" \/>\n<script type=\"application\/ld+json\" class=\"yoast-schema-graph\">{\"@context\":\"https:\/\/schema.org\",\"@graph\":[{\"@type\":\"WebPage\",\"@id\":\"https:\/\/www.retailsystem.com\/cz\/pricing\/\",\"url\":\"https:\/\/www.retailsystem.com\/cz\/pricing\/\",\"name\":\"Ceny | RetailSystem - Smart Software for Furniture and Mattress Retailers\",\"isPartOf\":{\"@id\":\"https:\/\/www.retailsystem.com\/cz\/#website\"},\"datePublished\":\"2019-06-20T12:03:54+00:00\",\"dateModified\":\"2021-07-27T08:28:34+00:00\",\"description\":\"Whether you're operating a single store or multiple stores, RetailSystem is so affordable - it works out less than a cup of coffee per day per user.\",\"breadcrumb\":{\"@id\":\"https:\/\/www.retailsystem.com\/cz\/pricing\/#breadcrumb\"},\"inLanguage\":\"cs\",\"potentialAction\":[{\"@type\":\"ReadAction\",\"target\":[\"https:\/\/www.retailsystem.com\/cz\/pricing\/\"]}]},{\"@type\":\"BreadcrumbList\",\"@id\":\"https:\/\/www.retailsystem.com\/cz\/pricing\/#breadcrumb\",\"itemListElement\":[{\"@type\":\"ListItem\",\"position\":1,\"name\":\"Home\",\"item\":\"https:\/\/www.retailsystem.com\/cz\/\"},{\"@type\":\"ListItem\",\"position\":2,\"name\":\"Ceny\"}]},{\"@type\":\"WebSite\",\"@id\":\"https:\/\/www.retailsystem.com\/cz\/#website\",\"url\":\"https:\/\/www.retailsystem.com\/cz\/\",\"name\":\"RetailSystem\",\"description\":\"Cloud-based EPOS for Furniture and Mattress Retailers\",\"publisher\":{\"@id\":\"https:\/\/www.retailsystem.com\/cz\/#organization\"},\"potentialAction\":[{\"@type\":\"SearchAction\",\"target\":{\"@type\":\"EntryPoint\",\"urlTemplate\":\"https:\/\/www.retailsystem.com\/cz\/?s={search_term_string}\"},\"query-input\":\"required name=search_term_string\"}],\"inLanguage\":\"cs\"},{\"@type\":\"Organization\",\"@id\":\"https:\/\/www.retailsystem.com\/cz\/#organization\",\"name\":\"RetailSystem\",\"url\":\"https:\/\/www.retailsystem.com\/cz\/\",\"logo\":{\"@type\":\"ImageObject\",\"inLanguage\":\"cs\",\"@id\":\"https:\/\/www.retailsystem.com\/cz\/#\/schema\/logo\/image\/\",\"url\":\"https:\/\/www.retailsystem.com\/cz\/wp-content\/uploads\/sites\/5\/2020\/07\/RetailSystem-250.png\",\"contentUrl\":\"https:\/\/www.retailsystem.com\/cz\/wp-content\/uploads\/sites\/5\/2020\/07\/RetailSystem-250.png\",\"width\":250,\"height\":49,\"caption\":\"RetailSystem\"},\"image\":{\"@id\":\"https:\/\/www.retailsystem.com\/cz\/#\/schema\/logo\/image\/\"},\"sameAs\":[\"https:\/\/twitter.com\/jesseakre\",\"https:\/\/www.linkedin.com\/company\/retailsystem\/\"]}]}<\/script>\n<!-- \/ Yoast SEO plugin. -->","yoast_head_json":{"title":"Ceny | RetailSystem - Smart Software for Furniture and Mattress Retailers","description":"Whether you're operating a single store or multiple stores, RetailSystem is so affordable - it works out less than a cup of coffee per day per user.","robots":{"index":"index","follow":"follow","max-snippet":"max-snippet:-1","max-image-preview":"max-image-preview:large","max-video-preview":"max-video-preview:-1"},"canonical":"https:\/\/www.retailsystem.com\/cz\/pricing\/","og_locale":"cs_CZ","og_type":"article","og_title":"Ceny | RetailSystem - Smart Software for Furniture and Mattress Retailers","og_description":"Whether you're operating a single store or multiple stores, RetailSystem is so affordable - it works out less than a cup of coffee per day per user.","og_url":"https:\/\/www.retailsystem.com\/cz\/pricing\/","og_site_name":"RetailSystem Czech Republic","article_modified_time":"2021-07-27T08:28:34+00:00","og_image":[{"url":"https:\/\/www.retailsystem.com\/cz\/wp-content\/uploads\/sites\/5\/2019\/06\/rs-fav.png"}],"twitter_card":"summary_large_image","twitter_site":"@jesseakre","twitter_misc":{"Odhadovan\u00e1 doba \u010dten\u00ed":"2 minuty"},"schema":{"@context":"https:\/\/schema.org","@graph":[{"@type":"WebPage","@id":"https:\/\/www.retailsystem.com\/cz\/pricing\/","url":"https:\/\/www.retailsystem.com\/cz\/pricing\/","name":"Ceny | RetailSystem - Smart Software for Furniture and Mattress Retailers","isPartOf":{"@id":"https:\/\/www.retailsystem.com\/cz\/#website"},"datePublished":"2019-06-20T12:03:54+00:00","dateModified":"2021-07-27T08:28:34+00:00","description":"Whether you're operating a single store or multiple stores, RetailSystem is so affordable - it works out less than a cup of coffee per day per user.","breadcrumb":{"@id":"https:\/\/www.retailsystem.com\/cz\/pricing\/#breadcrumb"},"inLanguage":"cs","potentialAction":[{"@type":"ReadAction","target":["https:\/\/www.retailsystem.com\/cz\/pricing\/"]}]},{"@type":"BreadcrumbList","@id":"https:\/\/www.retailsystem.com\/cz\/pricing\/#breadcrumb","itemListElement":[{"@type":"ListItem","position":1,"name":"Home","item":"https:\/\/www.retailsystem.com\/cz\/"},{"@type":"ListItem","position":2,"name":"Ceny"}]},{"@type":"WebSite","@id":"https:\/\/www.retailsystem.com\/cz\/#website","url":"https:\/\/www.retailsystem.com\/cz\/","name":"RetailSystem","description":"Cloud-based EPOS for Furniture and Mattress Retailers","publisher":{"@id":"https:\/\/www.retailsystem.com\/cz\/#organization"},"potentialAction":[{"@type":"SearchAction","target":{"@type":"EntryPoint","urlTemplate":"https:\/\/www.retailsystem.com\/cz\/?s={search_term_string}"},"query-input":"required name=search_term_string"}],"inLanguage":"cs"},{"@type":"Organization","@id":"https:\/\/www.retailsystem.com\/cz\/#organization","name":"RetailSystem","url":"https:\/\/www.retailsystem.com\/cz\/","logo":{"@type":"ImageObject","inLanguage":"cs","@id":"https:\/\/www.retailsystem.com\/cz\/#\/schema\/logo\/image\/","url":"https:\/\/www.retailsystem.com\/cz\/wp-content\/uploads\/sites\/5\/2020\/07\/RetailSystem-250.png","contentUrl":"https:\/\/www.retailsystem.com\/cz\/wp-content\/uploads\/sites\/5\/2020\/07\/RetailSystem-250.png","width":250,"height":49,"caption":"RetailSystem"},"image":{"@id":"https:\/\/www.retailsystem.com\/cz\/#\/schema\/logo\/image\/"},"sameAs":["https:\/\/twitter.com\/jesseakre","https:\/\/www.linkedin.com\/company\/retailsystem\/"]}]}},"_links":{"self":[{"href":"https:\/\/www.retailsystem.com\/cz\/wp-json\/wp\/v2\/pages\/10","targetHints":{"allow":["GET"]}}],"collection":[{"href":"https:\/\/www.retailsystem.com\/cz\/wp-json\/wp\/v2\/pages"}],"about":[{"href":"https:\/\/www.retailsystem.com\/cz\/wp-json\/wp\/v2\/types\/page"}],"author":[{"embeddable":true,"href":"https:\/\/www.retailsystem.com\/cz\/wp-json\/wp\/v2\/users\/2"}],"replies":[{"embeddable":true,"href":"https:\/\/www.retailsystem.com\/cz\/wp-json\/wp\/v2\/comments?post=10"}],"version-history":[{"count":0,"href":"https:\/\/www.retailsystem.com\/cz\/wp-json\/wp\/v2\/pages\/10\/revisions"}],"wp:attachment":[{"href":"https:\/\/www.retailsystem.com\/cz\/wp-json\/wp\/v2\/media?parent=10"}],"curies":[{"name":"wp","href":"https:\/\/api.w.org\/{rel}","templated":true}]}}