{"id":126,"date":"2019-06-25T09:51:47","date_gmt":"2019-06-25T08:51:47","guid":{"rendered":"https:\/\/www.retailsystem.com\/cz\/?page_id=126"},"modified":"2021-07-27T03:28:44","modified_gmt":"2021-07-27T08:28:44","slug":"websystem","status":"publish","type":"page","link":"https:\/\/www.retailsystem.com\/cz\/features\/websystem\/","title":{"rendered":"\u0158e\u0161en\u00ed pro e-shop"},"content":{"rendered":"\r\n<h3>SPOJTE SVOJI PRODEJNU S E-SHOPEM<\/h3>\r\n<h4>Cloudov\u00fd sofware pro e-shop je napojen\u00fd na prodejn\u00ed syst\u00e9m.<br \/>Lze tak spravovat jedin\u00fd syst\u00e9m pro obchod a e-shop.<\/h4>\r\n<p><img decoding=\"async\" title=\"RetailSystem WS White RGB\" src=\"https:\/\/www.retailsystem.com\/cz\/wp-content\/uploads\/sites\/5\/2019\/06\/RetailSystem-WS-White-RGB.svg\" alt=\"RetailSystem WS White RGB\" \/><\/p>\r\n<h4>WebSystem poskytuje obchod\u016fm s n\u00e1bytkem nepostradateln\u00e9 online \u0159e\u0161en\u00ed.<\/h4>\r\n<p>Z\u00edskejte exkluzivn\u00ed e-shop, kter\u00fd je napojen\u00fd p\u0159\u00edmo na v\u00e1\u0161 RetailSystem. U\u017e nemus\u00edte spravovat va\u0161e data v odd\u011blen\u00fdch syst\u00e9mech.<\/p>\r\n<p><img loading=\"lazy\" decoding=\"async\" title=\"WebSystem-Devices\" src=\"https:\/\/www.retailsystem.com\/cz\/wp-content\/uploads\/sites\/5\/2020\/02\/WebSystem-Devices.png\" alt=\"WebSystem-Devices\" width=\"1000\" height=\"413\" \/><\/p>\r\n<h2>WebSystem + RetailSystem<\/h2>\r\n<h4>Modern\u00ed design<\/h4>\r\n<p>Na\u0161e e-shopy jsou pln\u011b responsibiln\u00ed k mobiln\u00edm za\u0159\u00edzen\u00edm. V\u00e1\u0161 e-shop tak mohou z\u00e1kazn\u00edci nav\u0161t\u00edvit na jak\u00e9mkoli chytr\u00e9m za\u0159\u00edzen\u00ed.<\/p>\r\n<h4>N\u00e1kupy online bez omezen\u00ed<\/h4>\r\n<p>Z\u00e1kazn\u00edci mohou bezpe\u010dn\u011b nakupovat online pomoc\u00ed p\u00e1r kliknut\u00ed. Objedn\u00e1vky se automaticky na\u010d\u00edtaj\u00ed do va\u0161eho prodejn\u00edho syst\u00e9mu.<\/p>\r\n<h4>V\u017edy aktu\u00e1ln\u00ed informace<\/h4>\r\n<p>V\u00e1\u0161 e-shop je nep\u0159etr\u017eit\u011b aktualizovan\u00fd s va\u0161\u00edm prodejn\u00edm syst\u00e9mem. Synchronizace se postar\u00e1 o stav skladov\u00fdch z\u00e1sob i ostatn\u00ed informace o produktech.<\/p>\r\n<h4>Snadn\u00e9 online platby<\/h4>\r\n<p>E-shop usnad\u0148uje bezpe\u010dn\u00e9 p\u0159ij\u00edm\u00e1n\u00ed v\u0161ech platebn\u00edch metod, v\u010detn\u011b PayPal.<\/p>\r\n<p>&nbsp;<\/p>\r\n<h4>Jednoduch\u00e9 nastaven\u00ed<\/h4>\r\n<p>O nastaven\u00ed se postar\u00e1me za v\u00e1s. Na v\u00e1s bude pouze poskytnut\u00ed cen\u00edk\u016f a informac\u00ed o produktech.<\/p>\r\n<h4>Prodejn\u00ed syst\u00e9m<\/h4>\r\n<p>Spravujte sv\u016fj obchod i e-shop pomoc\u00ed jedin\u00e9ho syst\u00e9mu. <br \/>Neztr\u00e1cejte \u010das s extern\u00ed IT firmou.<\/p>\r\n<p>&nbsp;<\/p>\r\n<h6>SYNCHRONIZUJTE SV\u016eJ OBCHOD S E-SHOPEM<\/h6>\r\n<h4>Oslovte nov\u00e9 z\u00e1kazn\u00edky<\/h4>\r\n<p>D\u00edky propojen\u00ed obchodu s e-shopem \u0161et\u0159\u00edte v\u00e1\u0161 \u010das i pen\u00edze.<\/p>\r\n<h4>Spr\u00e1va dat<\/h4>\r\n<p>P\u0159idejte produkty nebo zm\u011b\u0148te ceny v prodejn\u00edm syst\u00e9mu i e-shopu najednou.<\/p>\r\n<h4>Zpracov\u00e1n\u00ed objedn\u00e1vek<\/h4>\r\n<p>Online objedn\u00e1vky se automaticky na\u010d\u00edtaj\u00ed do prodejn\u00edho<br \/>syst\u00e9mu pro dal\u0161\u00ed zpracov\u00e1n\u00ed.<\/p>\r\n<h4>V\u0161e pod kontrolou<\/h4>\r\n<p>Ve\u0161ker\u00e9 ceny a informace o produktech m\u016f\u017eete spravovat sami.<\/p>\r\n<h6>JEDEN SYST\u00c9M, JEDNO \u0158E\u0160EN\u00cd<\/h6>\r\n<h4>Revoluce v podnik\u00e1n\u00ed<\/h4>\r\n<h5>Pokud chcete ucelen\u00e9 \u0159e\u0161en\u00ed pro obchody s n\u00e1bytkem, n\u00e1\u0161 prodejn\u00ed syst\u00e9m je to, co hled\u00e1te.<\/h5>\r\n<p>WebSystem je modern\u00ed e-shop spojen\u00fd s va\u0161\u00edm prodejn\u00edm syst\u00e9mem. To znamen\u00e1, \u017ee pot\u0159ebujete pouze jeden syst\u00e9m, aby byl ve\u0161ker\u00fd obsah (produkty, objedn\u00e1vky, ceny a skladov\u00e1 dostupnost) aktu\u00e1ln\u00ed.<\/p>\r\n<p>Rozv\u00edjejte sv\u00e9 podnik\u00e1n\u00ed s pomoc\u00ed na\u0161eho e-shopu a prodejn\u00edho syst\u00e9mu.<\/p>\r\n<p>WebSystem + RetailSystem usnad\u0148uj\u00ed Va\u0161e podnik\u00e1n\u00ed a Va\u0161i budoucnost.<\/p>\r\n\r\n\t\t<div class=\"testimonial-feed mtx-carousel owl-carousel\">\r\n\r\n\t\t\t\r\n\t\t<\/div>\r\n\r\n\r\n\t\t\r\n<h6>Jak za\u010d\u00edt<\/h6>\r\n<p>1<div class=\"gs-dots clearfix\"><div class=\"gs-dot\"><\/div><div class=\"gs-dot\"><\/div><div class=\"gs-dot\"><\/div><div class=\"gs-dot\"><\/div><div class=\"gs-dot\"><\/div><\/div><\/p>\r\n<h4>Bezplatn\u00e1 konzultace<\/h4>\r\n<h5>Promluvte si s jedn\u00edm z na\u0161ich expert\u016f o va\u0161em podnik\u00e1n\u00ed.<\/h5>\r\n<p>2<div class=\"gs-dots clearfix\"><div class=\"gs-dot\"><\/div><div class=\"gs-dot\"><\/div><div class=\"gs-dot\"><\/div><div class=\"gs-dot\"><\/div><div class=\"gs-dot\"><\/div><\/div><\/p>\r\n<h5><strong>Uk\u00e1zka syst\u00e9mu<\/strong><\/h5>\r\n<h5>P\u0159edvedeme v\u00e1m uk\u00e1zku syst\u00e9mu a zodpov\u00edme va\u0161e dotazy.<\/h5>\r\n<p>3<div class=\"gs-dots clearfix\"><div class=\"gs-dot\"><\/div><div class=\"gs-dot\"><\/div><div class=\"gs-dot\"><\/div><div class=\"gs-dot\"><\/div><div class=\"gs-dot\"><\/div><\/div><\/p>\r\n<h5><strong>Nastaven\u00ed syst\u00e9mu<\/strong><\/h5>\r\n<h5>V\u0161e pro v\u00e1s p\u0159iprav\u00edme <br \/>(nepot\u0159ebujete nov\u00e1 za\u0159\u00edzen\u00ed).<\/h5>\r\n<p>4<\/p>\r\n<h5><strong>Jste p\u0159ipraveni!<\/strong><\/h5>\r\n<h5>Pozvedn\u011bte sv\u00e9 podnik\u00e1n\u00ed na zcela novou \u00farove\u0148.<\/h5>\r\n<p>Abychom v\u00e1m pomohli za\u010d\u00edt, nab\u00edz\u00edme:<\/p>\r\n<h4>Zdigitalizujeme v\u00e1\u0161 prodejn\u00ed katalog<\/h4>\r\n<h4>Zajist\u00edme import va\u0161ich stav\u00e1j\u00edc\u00edch informac\u00ed o z\u00e1kazn\u00edc\u00edch<\/h4>\r\n<p>&nbsp;<\/p>\r\n<h4>\u0160kolen\u00ed je zahrnut\u00e9 v cen\u011b<\/h4>\r\n<p>&nbsp;<\/p>\r\n<h4>Bezplatn\u00e1 podpora po celou dobu pou\u017e\u00edv\u00e1n\u00ed<\/h4>\r\n<p>&nbsp;<\/p>\r\n<h4>Bezplatn\u00e9 nastaven\u00ed syst\u00e9mu<\/h4>\r\n<p>&nbsp;<\/p>\r\n<h3>Zarezervujte si bezplatnou uk\u00e1zku syst\u00e9mu \u2192<\/h3>\r\n<p><a href=\"https:\/\/www.retailsystem.com\/cz\/contact-us\/\" target=\"_self\" rel=\"noopener\">Zarezervovat demo<\/a><\/p>\r\n","protected":false},"excerpt":{"rendered":"<p>SPOJTE SVOJI PRODEJNU S E-SHOPEM Cloudov\u00fd sofware pro e-shop je napojen\u00fd na prodejn\u00ed syst\u00e9m.Lze tak spravovat jedin\u00fd syst\u00e9m pro obchod a e-shop. WebSystem poskytuje obchod\u016fm s n\u00e1bytkem nepostradateln\u00e9 online \u0159e\u0161en\u00ed. Z\u00edskejte exkluzivn\u00ed e-shop, kter\u00fd je napojen\u00fd p\u0159\u00edmo na v\u00e1\u0161 RetailSystem&#8230;.<\/p>\n","protected":false},"author":2,"featured_media":0,"parent":8,"menu_order":0,"comment_status":"closed","ping_status":"closed","template":"","meta":{"_acf_changed":false,"footnotes":""},"class_list":["post-126","page","type-page","status-publish","hentry"],"acf":[],"yoast_head":"<!-- This site is optimized with the Yoast SEO plugin v20.11 - https:\/\/yoast.com\/wordpress\/plugins\/seo\/ -->\n<title>WebSystem + RetailSystem - Smart Ecommerce for Furniture and Mattress Retailers<\/title>\n<meta name=\"description\" content=\"RetailSystem + WebSystem - manage your online and offline channels with one system.\" \/>\n<meta name=\"robots\" content=\"index, follow, max-snippet:-1, max-image-preview:large, max-video-preview:-1\" \/>\n<link rel=\"canonical\" href=\"https:\/\/www.retailsystem.com\/cz\/features\/websystem\/\" \/>\n<meta property=\"og:locale\" content=\"cs_CZ\" \/>\n<meta property=\"og:type\" content=\"article\" \/>\n<meta property=\"og:title\" content=\"WebSystem + RetailSystem - Smart Ecommerce for Furniture and Mattress Retailers\" \/>\n<meta property=\"og:description\" content=\"RetailSystem + WebSystem - manage your online and offline channels with one system.\" \/>\n<meta property=\"og:url\" content=\"https:\/\/www.retailsystem.com\/cz\/features\/websystem\/\" \/>\n<meta property=\"og:site_name\" content=\"RetailSystem Czech Republic\" \/>\n<meta property=\"article:modified_time\" content=\"2021-07-27T08:28:44+00:00\" \/>\n<meta property=\"og:image\" content=\"https:\/\/www.retailsystem.com\/cz\/wp-content\/uploads\/sites\/5\/2019\/06\/RetailSystem-WS-White-RGB.svg\" \/>\n<meta name=\"twitter:card\" content=\"summary_large_image\" \/>\n<meta name=\"twitter:site\" content=\"@jesseakre\" \/>\n<meta name=\"twitter:label1\" content=\"Odhadovan\u00e1 doba \u010dten\u00ed\" \/>\n\t<meta name=\"twitter:data1\" content=\"3 minuty\" \/>\n<script type=\"application\/ld+json\" class=\"yoast-schema-graph\">{\"@context\":\"https:\/\/schema.org\",\"@graph\":[{\"@type\":\"WebPage\",\"@id\":\"https:\/\/www.retailsystem.com\/cz\/features\/websystem\/\",\"url\":\"https:\/\/www.retailsystem.com\/cz\/features\/websystem\/\",\"name\":\"WebSystem + RetailSystem - Smart Ecommerce for Furniture and Mattress Retailers\",\"isPartOf\":{\"@id\":\"https:\/\/www.retailsystem.com\/cz\/#website\"},\"datePublished\":\"2019-06-25T08:51:47+00:00\",\"dateModified\":\"2021-07-27T08:28:44+00:00\",\"description\":\"RetailSystem + WebSystem - manage your online and offline channels with one system.\",\"breadcrumb\":{\"@id\":\"https:\/\/www.retailsystem.com\/cz\/features\/websystem\/#breadcrumb\"},\"inLanguage\":\"cs\",\"potentialAction\":[{\"@type\":\"ReadAction\",\"target\":[\"https:\/\/www.retailsystem.com\/cz\/features\/websystem\/\"]}]},{\"@type\":\"BreadcrumbList\",\"@id\":\"https:\/\/www.retailsystem.com\/cz\/features\/websystem\/#breadcrumb\",\"itemListElement\":[{\"@type\":\"ListItem\",\"position\":1,\"name\":\"Home\",\"item\":\"https:\/\/www.retailsystem.com\/cz\/\"},{\"@type\":\"ListItem\",\"position\":2,\"name\":\"Funkce syst\u00e9mu\",\"item\":\"https:\/\/www.retailsystem.com\/cz\/features\/\"},{\"@type\":\"ListItem\",\"position\":3,\"name\":\"\u0158e\u0161en\u00ed pro e-shop\"}]},{\"@type\":\"WebSite\",\"@id\":\"https:\/\/www.retailsystem.com\/cz\/#website\",\"url\":\"https:\/\/www.retailsystem.com\/cz\/\",\"name\":\"RetailSystem\",\"description\":\"Cloud-based EPOS for Furniture and Mattress Retailers\",\"publisher\":{\"@id\":\"https:\/\/www.retailsystem.com\/cz\/#organization\"},\"potentialAction\":[{\"@type\":\"SearchAction\",\"target\":{\"@type\":\"EntryPoint\",\"urlTemplate\":\"https:\/\/www.retailsystem.com\/cz\/?s={search_term_string}\"},\"query-input\":\"required name=search_term_string\"}],\"inLanguage\":\"cs\"},{\"@type\":\"Organization\",\"@id\":\"https:\/\/www.retailsystem.com\/cz\/#organization\",\"name\":\"RetailSystem\",\"url\":\"https:\/\/www.retailsystem.com\/cz\/\",\"logo\":{\"@type\":\"ImageObject\",\"inLanguage\":\"cs\",\"@id\":\"https:\/\/www.retailsystem.com\/cz\/#\/schema\/logo\/image\/\",\"url\":\"https:\/\/www.retailsystem.com\/cz\/wp-content\/uploads\/sites\/5\/2020\/07\/RetailSystem-250.png\",\"contentUrl\":\"https:\/\/www.retailsystem.com\/cz\/wp-content\/uploads\/sites\/5\/2020\/07\/RetailSystem-250.png\",\"width\":250,\"height\":49,\"caption\":\"RetailSystem\"},\"image\":{\"@id\":\"https:\/\/www.retailsystem.com\/cz\/#\/schema\/logo\/image\/\"},\"sameAs\":[\"https:\/\/twitter.com\/jesseakre\",\"https:\/\/www.linkedin.com\/company\/retailsystem\/\"]}]}<\/script>\n<!-- \/ Yoast SEO plugin. -->","yoast_head_json":{"title":"WebSystem + RetailSystem - Smart Ecommerce for Furniture and Mattress Retailers","description":"RetailSystem + WebSystem - manage your online and offline channels with one system.","robots":{"index":"index","follow":"follow","max-snippet":"max-snippet:-1","max-image-preview":"max-image-preview:large","max-video-preview":"max-video-preview:-1"},"canonical":"https:\/\/www.retailsystem.com\/cz\/features\/websystem\/","og_locale":"cs_CZ","og_type":"article","og_title":"WebSystem + RetailSystem - Smart Ecommerce for Furniture and Mattress Retailers","og_description":"RetailSystem + WebSystem - manage your online and offline channels with one system.","og_url":"https:\/\/www.retailsystem.com\/cz\/features\/websystem\/","og_site_name":"RetailSystem Czech Republic","article_modified_time":"2021-07-27T08:28:44+00:00","og_image":[{"url":"https:\/\/www.retailsystem.com\/cz\/wp-content\/uploads\/sites\/5\/2019\/06\/RetailSystem-WS-White-RGB.svg"}],"twitter_card":"summary_large_image","twitter_site":"@jesseakre","twitter_misc":{"Odhadovan\u00e1 doba \u010dten\u00ed":"3 minuty"},"schema":{"@context":"https:\/\/schema.org","@graph":[{"@type":"WebPage","@id":"https:\/\/www.retailsystem.com\/cz\/features\/websystem\/","url":"https:\/\/www.retailsystem.com\/cz\/features\/websystem\/","name":"WebSystem + RetailSystem - Smart Ecommerce for Furniture and Mattress Retailers","isPartOf":{"@id":"https:\/\/www.retailsystem.com\/cz\/#website"},"datePublished":"2019-06-25T08:51:47+00:00","dateModified":"2021-07-27T08:28:44+00:00","description":"RetailSystem + WebSystem - manage your online and offline channels with one system.","breadcrumb":{"@id":"https:\/\/www.retailsystem.com\/cz\/features\/websystem\/#breadcrumb"},"inLanguage":"cs","potentialAction":[{"@type":"ReadAction","target":["https:\/\/www.retailsystem.com\/cz\/features\/websystem\/"]}]},{"@type":"BreadcrumbList","@id":"https:\/\/www.retailsystem.com\/cz\/features\/websystem\/#breadcrumb","itemListElement":[{"@type":"ListItem","position":1,"name":"Home","item":"https:\/\/www.retailsystem.com\/cz\/"},{"@type":"ListItem","position":2,"name":"Funkce syst\u00e9mu","item":"https:\/\/www.retailsystem.com\/cz\/features\/"},{"@type":"ListItem","position":3,"name":"\u0158e\u0161en\u00ed pro e-shop"}]},{"@type":"WebSite","@id":"https:\/\/www.retailsystem.com\/cz\/#website","url":"https:\/\/www.retailsystem.com\/cz\/","name":"RetailSystem","description":"Cloud-based EPOS for Furniture and Mattress Retailers","publisher":{"@id":"https:\/\/www.retailsystem.com\/cz\/#organization"},"potentialAction":[{"@type":"SearchAction","target":{"@type":"EntryPoint","urlTemplate":"https:\/\/www.retailsystem.com\/cz\/?s={search_term_string}"},"query-input":"required name=search_term_string"}],"inLanguage":"cs"},{"@type":"Organization","@id":"https:\/\/www.retailsystem.com\/cz\/#organization","name":"RetailSystem","url":"https:\/\/www.retailsystem.com\/cz\/","logo":{"@type":"ImageObject","inLanguage":"cs","@id":"https:\/\/www.retailsystem.com\/cz\/#\/schema\/logo\/image\/","url":"https:\/\/www.retailsystem.com\/cz\/wp-content\/uploads\/sites\/5\/2020\/07\/RetailSystem-250.png","contentUrl":"https:\/\/www.retailsystem.com\/cz\/wp-content\/uploads\/sites\/5\/2020\/07\/RetailSystem-250.png","width":250,"height":49,"caption":"RetailSystem"},"image":{"@id":"https:\/\/www.retailsystem.com\/cz\/#\/schema\/logo\/image\/"},"sameAs":["https:\/\/twitter.com\/jesseakre","https:\/\/www.linkedin.com\/company\/retailsystem\/"]}]}},"_links":{"self":[{"href":"https:\/\/www.retailsystem.com\/cz\/wp-json\/wp\/v2\/pages\/126","targetHints":{"allow":["GET"]}}],"collection":[{"href":"https:\/\/www.retailsystem.com\/cz\/wp-json\/wp\/v2\/pages"}],"about":[{"href":"https:\/\/www.retailsystem.com\/cz\/wp-json\/wp\/v2\/types\/page"}],"author":[{"embeddable":true,"href":"https:\/\/www.retailsystem.com\/cz\/wp-json\/wp\/v2\/users\/2"}],"replies":[{"embeddable":true,"href":"https:\/\/www.retailsystem.com\/cz\/wp-json\/wp\/v2\/comments?post=126"}],"version-history":[{"count":0,"href":"https:\/\/www.retailsystem.com\/cz\/wp-json\/wp\/v2\/pages\/126\/revisions"}],"up":[{"embeddable":true,"href":"https:\/\/www.retailsystem.com\/cz\/wp-json\/wp\/v2\/pages\/8"}],"wp:attachment":[{"href":"https:\/\/www.retailsystem.com\/cz\/wp-json\/wp\/v2\/media?parent=126"}],"curies":[{"name":"wp","href":"https:\/\/api.w.org\/{rel}","templated":true}]}}