{"id":127,"date":"2019-06-25T09:51:56","date_gmt":"2019-06-25T08:51:56","guid":{"rendered":"https:\/\/www.retailsystem.com\/cz\/?page_id=127"},"modified":"2021-07-27T03:28:49","modified_gmt":"2021-07-27T08:28:49","slug":"customer-service","status":"publish","type":"page","link":"https:\/\/www.retailsystem.com\/cz\/features\/customer-service\/","title":{"rendered":"Z\u00e1kaznick\u00e1 podpora"},"content":{"rendered":"\r\n<h6>Z\u016fsta\u0148te se z\u00e1kazn\u00edky v kontaktu<\/h6>\r\n<h4>RetailSystem V\u00e1m pom\u00e1h\u00e1 informovat z\u00e1kazn\u00edka o ka\u017ed\u00e9m kroku jeho objedn\u00e1vky i komplikac\u00edch, pokud nastanou.<br \/>Online sledov\u00e1n\u00ed informuje z\u00e1kazn\u00edka od chv\u00edle zad\u00e1n\u00ed objedn\u00e1vky.<\/h4>\r\n<h6>V\u00ddHODY SYST\u00c9MU<\/h6>\r\n<h4>Online sledov\u00e1n\u00ed objedn\u00e1vek<\/h4>\r\n<p>Online sledov\u00e1n\u00ed objedn\u00e1vek umo\u017e\u0148uje z\u00e1kazn\u00edk\u016fm sledovat stav jejich objedn\u00e1vky. Anal\u00fdza uk\u00e1zala, \u017ee tato funkce m\u016f\u017ee sn\u00ed\u017eit p\u0159\u00edchoz\u00ed hovory s dotazem na \u201ezji\u0161t\u011bn\u00ed stavu objedn\u00e1vek\u201c a\u017e o 55%.<\/p>\r\n<h4>Textov\u00e9 notifikace<\/h4>\r\n<p>Pomoc\u00ed textov\u00fdch zpr\u00e1v informujte z\u00e1kazn\u00edky o stavu jejich objedn\u00e1vky.<\/p>\r\n<h4>Reklamace<\/h4>\r\n<p>\u0158e\u0161en\u00ed reklamac\u00ed od za\u010d\u00e1tku a\u017e do konce. Zp\u016fsob \u0159e\u0161en\u00ed reklamace, fotografie po\u0161kozen\u00ed od z\u00e1kazn\u00edk\u016f, korespondenc\u00ed s dodavateli i op\u011btovn\u00e9 objedn\u00e1n\u00ed n\u00e1hradn\u00edho zbo\u017e\u00ed <b>&#8211; to v\u0161e je zahrnut\u00e9 v na\u0161em syst\u00e9mu.<\/b><\/p>\r\n<h6>Kompletn\u00ed spr\u00e1va z\u00e1kaznick\u00e9ho portfolia<\/h6>\r\n<h4>Online sledov\u00e1n\u00ed objedn\u00e1vek<\/h4>\r\n<p>U\u0161et\u0159ete \u010das str\u00e1ven\u00fd p\u0159ij\u00edm\u00e1n\u00edm hovor\u016f od z\u00e1kazn\u00edk\u016f t\u00edm, \u017ee jim umo\u017en\u00edte sledovat stav jejich objedn\u00e1vek.<\/p>\r\n<h4>Komunikace s dodavateli<\/h4>\r\n<p>Udr\u017eujte kompletn\u00ed historii o objednan\u00e9m, potvrzen\u00e9m i doru\u010den\u00e9m zbo\u017e\u00ed od dodavatel\u016f.<\/p>\r\n<h4>Reklamace<\/h4>\r\n<p>Sledujte pr\u016fb\u011bh a \u0159e\u0161en\u00ed reklamac\u00ed v r\u00e1mci jednoho syst\u00e9mu.<\/p>\r\n<h4>Reklama\u010dn\u00ed protokol<\/h4>\r\n<p>Uchov\u00e1vejte \u00fapln\u00e9 informace o \u0159e\u0161en\u00ed reklamac\u00ed, aby Va\u0161i prodejci m\u011bli okam\u017eit\u00fd p\u0159\u00edstup ke v\u0161em informac\u00edm, kter\u00e9 pot\u0159ebuj\u00ed.<\/p>\r\n\r\n\t\t<div class=\"testimonial-feed mtx-carousel owl-carousel\">\r\n\r\n\t\t\t\r\n\t\t<\/div>\r\n\r\n\r\n\t\t\r\n<h6>Jak za\u010d\u00edt<\/h6>\r\n<p>1<div class=\"gs-dots clearfix\"><div class=\"gs-dot\"><\/div><div class=\"gs-dot\"><\/div><div class=\"gs-dot\"><\/div><div class=\"gs-dot\"><\/div><div class=\"gs-dot\"><\/div><\/div><\/p>\r\n<h4>Bezplatn\u00e1 konzultace<\/h4>\r\n<h5>Promluvte si s jedn\u00edm z na\u0161ich expert\u016f o va\u0161em podnik\u00e1n\u00ed.<\/h5>\r\n<p>2<div class=\"gs-dots clearfix\"><div class=\"gs-dot\"><\/div><div class=\"gs-dot\"><\/div><div class=\"gs-dot\"><\/div><div class=\"gs-dot\"><\/div><div class=\"gs-dot\"><\/div><\/div><\/p>\r\n<h5><strong>Uk\u00e1zka syst\u00e9mu<\/strong><\/h5>\r\n<h5>P\u0159edvedeme v\u00e1m uk\u00e1zku syst\u00e9mu a zodpov\u00edme va\u0161e dotazy.<\/h5>\r\n<p>3<div class=\"gs-dots clearfix\"><div class=\"gs-dot\"><\/div><div class=\"gs-dot\"><\/div><div class=\"gs-dot\"><\/div><div class=\"gs-dot\"><\/div><div class=\"gs-dot\"><\/div><\/div><\/p>\r\n<h5><strong>Nastaven\u00ed syst\u00e9mu<\/strong><\/h5>\r\n<h5>V\u0161e pro v\u00e1s p\u0159iprav\u00edme <br \/>(nepot\u0159ebujete nov\u00e1 za\u0159\u00edzen\u00ed).<\/h5>\r\n<p>4<\/p>\r\n<h5><strong>Jste p\u0159ipraveni!<\/strong><\/h5>\r\n<h5>Pozvedn\u011bte sv\u00e9 podnik\u00e1n\u00ed na zcela novou \u00farove\u0148.<\/h5>\r\n<p>Abychom v\u00e1m pomohli za\u010d\u00edt, nab\u00edz\u00edme:<\/p>\r\n<h4>Zdigitalizujeme v\u00e1\u0161 prodejn\u00ed katalog<\/h4>\r\n<h4>Zajist\u00edme import va\u0161ich stav\u00e1j\u00edc\u00edch informac\u00ed o z\u00e1kazn\u00edc\u00edch<\/h4>\r\n<p>&nbsp;<\/p>\r\n<h4>\u0160kolen\u00ed je zahrnut\u00e9 v cen\u011b<\/h4>\r\n<p>&nbsp;<\/p>\r\n<h4>Bezplatn\u00e1 podpora po celou dobu pou\u017e\u00edv\u00e1n\u00ed<\/h4>\r\n<p>&nbsp;<\/p>\r\n<h4>Bezplatn\u00e9 nastaven\u00ed syst\u00e9mu<\/h4>\r\n<p>&nbsp;<\/p>\r\n<h3>Zarezervujte si bezplatnou uk\u00e1zku syst\u00e9mu \u2192<\/h3>\r\n<p><a href=\"https:\/\/www.retailsystem.com\/cz\/contact-us\/\" target=\"_self\" rel=\"noopener\">Zarezervovat uk\u00e1zku<\/a><\/p>\r\n","protected":false},"excerpt":{"rendered":"<p>Z\u016fsta\u0148te se z\u00e1kazn\u00edky v kontaktu RetailSystem V\u00e1m pom\u00e1h\u00e1 informovat z\u00e1kazn\u00edka o ka\u017ed\u00e9m kroku jeho objedn\u00e1vky i komplikac\u00edch, pokud nastanou.Online sledov\u00e1n\u00ed informuje z\u00e1kazn\u00edka od chv\u00edle zad\u00e1n\u00ed objedn\u00e1vky. V\u00ddHODY SYST\u00c9MU Online sledov\u00e1n\u00ed objedn\u00e1vek Online sledov\u00e1n\u00ed objedn\u00e1vek umo\u017e\u0148uje z\u00e1kazn\u00edk\u016fm sledovat stav jejich objedn\u00e1vky&#8230;.<\/p>\n","protected":false},"author":2,"featured_media":0,"parent":8,"menu_order":0,"comment_status":"closed","ping_status":"closed","template":"","meta":{"_acf_changed":false,"footnotes":""},"class_list":["post-127","page","type-page","status-publish","hentry"],"acf":[],"yoast_head":"<!-- This site is optimized with the Yoast SEO plugin v20.11 - https:\/\/yoast.com\/wordpress\/plugins\/seo\/ -->\n<title>Slu\u017eby z\u00e1kazn\u00edk\u016fm | RetailSystem - Smart Software for Furniture and Mattress Retailers<\/title>\n<meta name=\"description\" content=\"Take a proactive approach to your customer service activities with RetailSystem&#039;s customer service and customer support features.\" \/>\n<meta name=\"robots\" content=\"index, follow, max-snippet:-1, max-image-preview:large, max-video-preview:-1\" \/>\n<link rel=\"canonical\" href=\"https:\/\/www.retailsystem.com\/cz\/features\/customer-service\/\" \/>\n<meta property=\"og:locale\" content=\"cs_CZ\" \/>\n<meta property=\"og:type\" content=\"article\" \/>\n<meta property=\"og:title\" content=\"Slu\u017eby z\u00e1kazn\u00edk\u016fm | RetailSystem - Smart Software for Furniture and Mattress Retailers\" \/>\n<meta property=\"og:description\" content=\"Take a proactive approach to your customer service activities with RetailSystem&#039;s customer service and customer support features.\" \/>\n<meta property=\"og:url\" content=\"https:\/\/www.retailsystem.com\/cz\/features\/customer-service\/\" \/>\n<meta property=\"og:site_name\" content=\"RetailSystem Czech Republic\" \/>\n<meta property=\"article:modified_time\" content=\"2021-07-27T08:28:49+00:00\" \/>\n<meta name=\"twitter:card\" content=\"summary_large_image\" \/>\n<meta name=\"twitter:site\" content=\"@jesseakre\" \/>\n<meta name=\"twitter:label1\" content=\"Odhadovan\u00e1 doba \u010dten\u00ed\" \/>\n\t<meta name=\"twitter:data1\" content=\"2 minuty\" \/>\n<script type=\"application\/ld+json\" class=\"yoast-schema-graph\">{\"@context\":\"https:\/\/schema.org\",\"@graph\":[{\"@type\":\"WebPage\",\"@id\":\"https:\/\/www.retailsystem.com\/cz\/features\/customer-service\/\",\"url\":\"https:\/\/www.retailsystem.com\/cz\/features\/customer-service\/\",\"name\":\"Slu\u017eby z\u00e1kazn\u00edk\u016fm | RetailSystem - Smart Software for Furniture and Mattress Retailers\",\"isPartOf\":{\"@id\":\"https:\/\/www.retailsystem.com\/cz\/#website\"},\"datePublished\":\"2019-06-25T08:51:56+00:00\",\"dateModified\":\"2021-07-27T08:28:49+00:00\",\"description\":\"Take a proactive approach to your customer service activities with RetailSystem's customer service and customer support features.\",\"breadcrumb\":{\"@id\":\"https:\/\/www.retailsystem.com\/cz\/features\/customer-service\/#breadcrumb\"},\"inLanguage\":\"cs\",\"potentialAction\":[{\"@type\":\"ReadAction\",\"target\":[\"https:\/\/www.retailsystem.com\/cz\/features\/customer-service\/\"]}]},{\"@type\":\"BreadcrumbList\",\"@id\":\"https:\/\/www.retailsystem.com\/cz\/features\/customer-service\/#breadcrumb\",\"itemListElement\":[{\"@type\":\"ListItem\",\"position\":1,\"name\":\"Home\",\"item\":\"https:\/\/www.retailsystem.com\/cz\/\"},{\"@type\":\"ListItem\",\"position\":2,\"name\":\"Funkce syst\u00e9mu\",\"item\":\"https:\/\/www.retailsystem.com\/cz\/features\/\"},{\"@type\":\"ListItem\",\"position\":3,\"name\":\"Z\u00e1kaznick\u00e1 podpora\"}]},{\"@type\":\"WebSite\",\"@id\":\"https:\/\/www.retailsystem.com\/cz\/#website\",\"url\":\"https:\/\/www.retailsystem.com\/cz\/\",\"name\":\"RetailSystem\",\"description\":\"Cloud-based EPOS for Furniture and Mattress Retailers\",\"publisher\":{\"@id\":\"https:\/\/www.retailsystem.com\/cz\/#organization\"},\"potentialAction\":[{\"@type\":\"SearchAction\",\"target\":{\"@type\":\"EntryPoint\",\"urlTemplate\":\"https:\/\/www.retailsystem.com\/cz\/?s={search_term_string}\"},\"query-input\":\"required name=search_term_string\"}],\"inLanguage\":\"cs\"},{\"@type\":\"Organization\",\"@id\":\"https:\/\/www.retailsystem.com\/cz\/#organization\",\"name\":\"RetailSystem\",\"url\":\"https:\/\/www.retailsystem.com\/cz\/\",\"logo\":{\"@type\":\"ImageObject\",\"inLanguage\":\"cs\",\"@id\":\"https:\/\/www.retailsystem.com\/cz\/#\/schema\/logo\/image\/\",\"url\":\"https:\/\/www.retailsystem.com\/cz\/wp-content\/uploads\/sites\/5\/2020\/07\/RetailSystem-250.png\",\"contentUrl\":\"https:\/\/www.retailsystem.com\/cz\/wp-content\/uploads\/sites\/5\/2020\/07\/RetailSystem-250.png\",\"width\":250,\"height\":49,\"caption\":\"RetailSystem\"},\"image\":{\"@id\":\"https:\/\/www.retailsystem.com\/cz\/#\/schema\/logo\/image\/\"},\"sameAs\":[\"https:\/\/twitter.com\/jesseakre\",\"https:\/\/www.linkedin.com\/company\/retailsystem\/\"]}]}<\/script>\n<!-- \/ Yoast SEO plugin. -->","yoast_head_json":{"title":"Slu\u017eby z\u00e1kazn\u00edk\u016fm | RetailSystem - Smart Software for Furniture and Mattress Retailers","description":"Take a proactive approach to your customer service activities with RetailSystem's customer service and customer support features.","robots":{"index":"index","follow":"follow","max-snippet":"max-snippet:-1","max-image-preview":"max-image-preview:large","max-video-preview":"max-video-preview:-1"},"canonical":"https:\/\/www.retailsystem.com\/cz\/features\/customer-service\/","og_locale":"cs_CZ","og_type":"article","og_title":"Slu\u017eby z\u00e1kazn\u00edk\u016fm | RetailSystem - Smart Software for Furniture and Mattress Retailers","og_description":"Take a proactive approach to your customer service activities with RetailSystem's customer service and customer support features.","og_url":"https:\/\/www.retailsystem.com\/cz\/features\/customer-service\/","og_site_name":"RetailSystem Czech Republic","article_modified_time":"2021-07-27T08:28:49+00:00","twitter_card":"summary_large_image","twitter_site":"@jesseakre","twitter_misc":{"Odhadovan\u00e1 doba \u010dten\u00ed":"2 minuty"},"schema":{"@context":"https:\/\/schema.org","@graph":[{"@type":"WebPage","@id":"https:\/\/www.retailsystem.com\/cz\/features\/customer-service\/","url":"https:\/\/www.retailsystem.com\/cz\/features\/customer-service\/","name":"Slu\u017eby z\u00e1kazn\u00edk\u016fm | RetailSystem - Smart Software for Furniture and Mattress Retailers","isPartOf":{"@id":"https:\/\/www.retailsystem.com\/cz\/#website"},"datePublished":"2019-06-25T08:51:56+00:00","dateModified":"2021-07-27T08:28:49+00:00","description":"Take a proactive approach to your customer service activities with RetailSystem's customer service and customer support features.","breadcrumb":{"@id":"https:\/\/www.retailsystem.com\/cz\/features\/customer-service\/#breadcrumb"},"inLanguage":"cs","potentialAction":[{"@type":"ReadAction","target":["https:\/\/www.retailsystem.com\/cz\/features\/customer-service\/"]}]},{"@type":"BreadcrumbList","@id":"https:\/\/www.retailsystem.com\/cz\/features\/customer-service\/#breadcrumb","itemListElement":[{"@type":"ListItem","position":1,"name":"Home","item":"https:\/\/www.retailsystem.com\/cz\/"},{"@type":"ListItem","position":2,"name":"Funkce syst\u00e9mu","item":"https:\/\/www.retailsystem.com\/cz\/features\/"},{"@type":"ListItem","position":3,"name":"Z\u00e1kaznick\u00e1 podpora"}]},{"@type":"WebSite","@id":"https:\/\/www.retailsystem.com\/cz\/#website","url":"https:\/\/www.retailsystem.com\/cz\/","name":"RetailSystem","description":"Cloud-based EPOS for Furniture and Mattress Retailers","publisher":{"@id":"https:\/\/www.retailsystem.com\/cz\/#organization"},"potentialAction":[{"@type":"SearchAction","target":{"@type":"EntryPoint","urlTemplate":"https:\/\/www.retailsystem.com\/cz\/?s={search_term_string}"},"query-input":"required name=search_term_string"}],"inLanguage":"cs"},{"@type":"Organization","@id":"https:\/\/www.retailsystem.com\/cz\/#organization","name":"RetailSystem","url":"https:\/\/www.retailsystem.com\/cz\/","logo":{"@type":"ImageObject","inLanguage":"cs","@id":"https:\/\/www.retailsystem.com\/cz\/#\/schema\/logo\/image\/","url":"https:\/\/www.retailsystem.com\/cz\/wp-content\/uploads\/sites\/5\/2020\/07\/RetailSystem-250.png","contentUrl":"https:\/\/www.retailsystem.com\/cz\/wp-content\/uploads\/sites\/5\/2020\/07\/RetailSystem-250.png","width":250,"height":49,"caption":"RetailSystem"},"image":{"@id":"https:\/\/www.retailsystem.com\/cz\/#\/schema\/logo\/image\/"},"sameAs":["https:\/\/twitter.com\/jesseakre","https:\/\/www.linkedin.com\/company\/retailsystem\/"]}]}},"_links":{"self":[{"href":"https:\/\/www.retailsystem.com\/cz\/wp-json\/wp\/v2\/pages\/127","targetHints":{"allow":["GET"]}}],"collection":[{"href":"https:\/\/www.retailsystem.com\/cz\/wp-json\/wp\/v2\/pages"}],"about":[{"href":"https:\/\/www.retailsystem.com\/cz\/wp-json\/wp\/v2\/types\/page"}],"author":[{"embeddable":true,"href":"https:\/\/www.retailsystem.com\/cz\/wp-json\/wp\/v2\/users\/2"}],"replies":[{"embeddable":true,"href":"https:\/\/www.retailsystem.com\/cz\/wp-json\/wp\/v2\/comments?post=127"}],"version-history":[{"count":0,"href":"https:\/\/www.retailsystem.com\/cz\/wp-json\/wp\/v2\/pages\/127\/revisions"}],"up":[{"embeddable":true,"href":"https:\/\/www.retailsystem.com\/cz\/wp-json\/wp\/v2\/pages\/8"}],"wp:attachment":[{"href":"https:\/\/www.retailsystem.com\/cz\/wp-json\/wp\/v2\/media?parent=127"}],"curies":[{"name":"wp","href":"https:\/\/api.w.org\/{rel}","templated":true}]}}