{"id":27,"date":"2019-06-20T13:08:04","date_gmt":"2019-06-20T12:08:04","guid":{"rendered":"https:\/\/www.retailsystem.com\/cz\/?page_id=27"},"modified":"2024-05-13T08:05:49","modified_gmt":"2024-05-13T13:05:49","slug":"about-us","status":"publish","type":"page","link":"https:\/\/www.retailsystem.com\/cz\/about-us\/","title":{"rendered":"O N\u00e1s"},"content":{"rendered":"<h4>Je kr\u00e1sn\u00e9 vid\u011bt, jak se z p\u016fvodn\u00ed my\u0161lenky stalo \u00fasp\u011b\u0161n\u00e9 podnik\u00e1n\u00ed na mnoho let.<br>\u201eS podporou na\u0161ich fantastick\u00fdch klient\u016f se t\u011b\u0161\u00edme na pokra\u010dov\u00e1n\u00ed dlouhodob\u00e9 spolupr\u00e1ce.\u201c<\/h4>David J Hewitt<br \/>\nSenior manager pro \u010ceskou a Slovenskou republiku\n<h1>O n\u00e1s<\/h1><h4>RetailSystem je cloudov\u00e1 prodejn\u00ed platforma.\nMaximalizujte zisky i obrat se spolehliv\u00fdm syst\u00e9mem. <\/h4>\n<img decoding=\"async\" src=\"https:\/\/www.retailsystem.com\/cz\/wp-content\/uploads\/sites\/5\/2020\/11\/collage-1-master.png\" alt=\"collage 1 master\" title=\"collage 1 master\" \/><h2>Univerz\u00e1ln\u00ed software pro kamenn\u00fd obchod i e-shop. <\/h2><img decoding=\"async\" src=\"https:\/\/www.retailsystem.com\/cz\/wp-content\/uploads\/sites\/5\/2020\/11\/ico-chair.svg\" alt=\"ico-chair\" title=\"ico-chair\" \/><h4>Obchod s n\u00e1bytkem<\/h4>O prodeji n\u00e1bytku v\u00edme v\u0161e &#8211; n\u00e1\u0161 syst\u00e9m si porad\u00ed i se zbo\u017e\u00edm ve slo\u017eit\u011bj\u0161\u00edch konfigurac\u00edch.<br \/> <br \/>\n(nap\u0159. v\u00fdb\u011br l\u00e1tek, barevn\u00fdch mo\u017enost\u00ed, p\u0159\u00edplatkov\u00fdch dopl\u0148k\u016f).\n<img decoding=\"async\" src=\"https:\/\/www.retailsystem.com\/cz\/wp-content\/uploads\/sites\/5\/2020\/11\/ico-bed.svg\" alt=\"ico-bed\" title=\"ico-bed\" \/><h4>Obchod s postelemi<\/h4>Syst\u00e9m si hrav\u011b porad\u00ed s nastaven\u00edm r\u016fzn\u00fdch velikost\u00ed i druh\u016f matrac\u00ed stejn\u011b jako samotn\u00fdch postel\u00ed.<br \/>\nSnadno p\u0159i prodeji p\u0159id\u00e1te p\u0159\u00edplatkov\u00e9 dopl\u0148ky. (nap\u0159. \u0161upl\u00edky, \u010dela, ochrann\u00e9 potahy.)\n<img decoding=\"async\" src=\"https:\/\/www.retailsystem.com\/cz\/wp-content\/uploads\/sites\/5\/2020\/11\/ico-multisite.svg\" alt=\"ico-multisite\" title=\"ico-multisite\" \/><h4>V\u00edce pobo\u010dek <\/h4><p>Pot\u0159ebujete pouze p\u0159\u00edstup na internet, v\u0161echny Va\u0161e pobo\u010dky zapoj\u00edme do sjednocen\u00e9ho syst\u00e9mu.<\/p>\n<a href=\"https:\/\/www.retailsystem.com\/cz\/contact-us\/\" target=\"_self\" rel=\"noopener\">V\u00edce informac\u00ed o na\u0161em prodejn\u00edm syst\u00e9mu  <\/a><h2>Chytr\u00e1 a jednoduch\u00e1 cesta k prodeji n\u00e1bytku a postel\u00ed<\/h2><p>Ji\u017e v roce 2004, kdy jste je\u0161t\u011b vyu\u017e\u00edvali vyt\u00e1\u010den\u00e9 p\u0159ipojen\u00ed k internetu, byl RetailSystem navr\u017een\u00fd jako pln\u011b online \u0159e\u0161en\u00ed pro prodejce n\u00e1bytku a matrac\u00ed.<\/p>\n<p>Na\u0161e posl\u00e1n\u00ed je pom\u00e1hat na\u0161im klient\u016fm vylep\u0161it jejich podnik\u00e1n\u00ed. <\/p>\n<p>S na\u0161\u00edm syst\u00e9mem m\u016f\u017eete optimalizovat Va\u0161e skladov\u00e9 z\u00e1soby, m\u00edt pln\u011b pod kontrolou slevov\u00e9 akce a z t\u011bchto dat V\u00e1m um\u00edme vytvo\u0159it e-shop. <\/p>\n<p>Nemus\u00edte tak tyto informace nikam znovu zad\u00e1vat a po\u0159\u00e1d je hl\u00eddat!<\/p>\n<p>Syst\u00e9m st\u00e1le vylep\u0161ujeme \u2013 verze 14 je ji\u017e dostupn\u00e1 pro v\u0161echny na\u0161e z\u00e1kazn\u00edky.  <\/p>\n<h5>Neprod\u00e1v\u00e1me jen software<br \/>\npom\u00e1h\u00e1me na\u0161im klient\u016fm v r\u016fstu jejich podnik\u00e1n\u00ed!<\/h5>\n<h4>Dobr\u00e9 hodnocen\u00ed<\/h4><p>S ocen\u011bn\u00edm \u201enejlep\u0161\u00ed dodavatel softwaru pro obchody s n\u00e1bytkem a postelemi\u201c ji\u017e dvan\u00e1ct let poskytujeme prov\u011b\u0159en\u00e9 slu\u017eby v\u00edce ne\u017e 2000 obchodn\u00edk\u016fm.<\/p>\n<h4>20 let s V\u00e1mi<\/h4><p>S na\u0161\u00edm cloudov\u00fdm \u0159e\u0161en\u00edm pro maloobchodn\u00ed prodej jsme se jako prvn\u00ed dostali do obchod\u016f na\u0161ich klient\u016f, tak\u017ee m\u016f\u017eeme zaru\u010dit, \u017ee budeme v\u017edy dr\u017eet krok s aktu\u00e1ln\u00edmi trendy.<\/p>\n<h4>Praxe z maloobchodu<\/h4><p>N\u00e1\u0161 t\u00fdm byl sou\u010d\u00e1st\u00ed maloobchodn\u00edho prodeje n\u00e1bytku. A\u0165 u\u017e n\u00e1s tedy \u017e\u00e1d\u00e1te o uk\u00e1zku, n\u011bjak\u00e9 dal\u0161\u00ed \u0161kolen\u00ed nebo podporu &#8211; budeme V\u00e1m um\u011bt poradit.<\/p>\n<h6>Events<\/h6><h4>Retailsystem on the go! Hight Point, Vegas, Dallas, Chicago, Atlanta. We can be found at every major market, show and conference and look forward to meeting you soon; where we can discuss your system requirements in detail.<\/h4><a href=\"https:\/\/www.retailsystem.com\/contact-us\/\" target=\"_self\" rel=\"noopener\">https:\/\/www.retailsystem.com\/cz\/contact-us\/<\/a><img loading=\"lazy\" decoding=\"async\" src=\"https:\/\/www.retailsystem.com\/cz\/wp-content\/uploads\/sites\/5\/2019\/06\/Best-Software-Provider-RetailSystem-2021.png\" alt=\"Best Software Provider - RetailSystem 2021\" height=\"459\" width=\"779\" title=\"Best Software Provider - RetailSystem 2021\" \/>","protected":false},"excerpt":{"rendered":"<p>Je kr\u00e1sn\u00e9 vid\u011bt, jak se z p\u016fvodn\u00ed my\u0161lenky stalo \u00fasp\u011b\u0161n\u00e9 podnik\u00e1n\u00ed na mnoho let.\u201eS podporou na\u0161ich fantastick\u00fdch klient\u016f se t\u011b\u0161\u00edme na pokra\u010dov\u00e1n\u00ed dlouhodob\u00e9 spolupr\u00e1ce.\u201c David J Hewitt Senior manager pro \u010ceskou a Slovenskou republiku O n\u00e1s RetailSystem je cloudov\u00e1 prodejn\u00ed&#8230;<\/p>\n","protected":false},"author":2,"featured_media":0,"parent":0,"menu_order":0,"comment_status":"closed","ping_status":"closed","template":"","meta":{"_acf_changed":false,"footnotes":""},"class_list":["post-27","page","type-page","status-publish","hentry"],"acf":[],"yoast_head":"<!-- This site is optimized with the Yoast SEO plugin v20.11 - https:\/\/yoast.com\/wordpress\/plugins\/seo\/ -->\n<title>O N\u00e1s<\/title>\n<meta name=\"description\" content=\"RetailSystem&#039;s team of industry experts supply award-winning management software to furniture and mattress retailers worldwide.\" \/>\n<meta name=\"robots\" content=\"index, follow, max-snippet:-1, max-image-preview:large, max-video-preview:-1\" \/>\n<link rel=\"canonical\" href=\"https:\/\/www.retailsystem.com\/cz\/about-us\/\" \/>\n<meta property=\"og:locale\" content=\"cs_CZ\" \/>\n<meta property=\"og:type\" content=\"article\" \/>\n<meta property=\"og:title\" content=\"O N\u00e1s\" \/>\n<meta property=\"og:description\" content=\"RetailSystem&#039;s team of industry experts supply award-winning management software to furniture and mattress retailers worldwide.\" \/>\n<meta property=\"og:url\" content=\"https:\/\/www.retailsystem.com\/cz\/about-us\/\" \/>\n<meta property=\"og:site_name\" content=\"RetailSystem Czech Republic\" \/>\n<meta property=\"article:modified_time\" content=\"2024-05-13T13:05:49+00:00\" \/>\n<meta property=\"og:image\" content=\"https:\/\/www.retailsystem.com\/cz\/wp-content\/uploads\/sites\/5\/2020\/11\/collage-1-master.png\" \/>\n<meta name=\"twitter:card\" content=\"summary_large_image\" \/>\n<meta name=\"twitter:site\" content=\"@jesseakre\" \/>\n<meta name=\"twitter:label1\" content=\"Odhadovan\u00e1 doba \u010dten\u00ed\" \/>\n\t<meta name=\"twitter:data1\" content=\"2 minuty\" \/>\n<script type=\"application\/ld+json\" class=\"yoast-schema-graph\">{\"@context\":\"https:\/\/schema.org\",\"@graph\":[{\"@type\":\"WebPage\",\"@id\":\"https:\/\/www.retailsystem.com\/cz\/about-us\/\",\"url\":\"https:\/\/www.retailsystem.com\/cz\/about-us\/\",\"name\":\"O N\u00e1s\",\"isPartOf\":{\"@id\":\"https:\/\/www.retailsystem.com\/cz\/#website\"},\"datePublished\":\"2019-06-20T12:08:04+00:00\",\"dateModified\":\"2024-05-13T13:05:49+00:00\",\"description\":\"RetailSystem's team of industry experts supply award-winning management software to furniture and mattress retailers worldwide.\",\"breadcrumb\":{\"@id\":\"https:\/\/www.retailsystem.com\/cz\/about-us\/#breadcrumb\"},\"inLanguage\":\"cs\",\"potentialAction\":[{\"@type\":\"ReadAction\",\"target\":[\"https:\/\/www.retailsystem.com\/cz\/about-us\/\"]}]},{\"@type\":\"BreadcrumbList\",\"@id\":\"https:\/\/www.retailsystem.com\/cz\/about-us\/#breadcrumb\",\"itemListElement\":[{\"@type\":\"ListItem\",\"position\":1,\"name\":\"Home\",\"item\":\"https:\/\/www.retailsystem.com\/cz\/\"},{\"@type\":\"ListItem\",\"position\":2,\"name\":\"O N\u00e1s\"}]},{\"@type\":\"WebSite\",\"@id\":\"https:\/\/www.retailsystem.com\/cz\/#website\",\"url\":\"https:\/\/www.retailsystem.com\/cz\/\",\"name\":\"RetailSystem\",\"description\":\"Cloud-based EPOS for Furniture and Mattress Retailers\",\"publisher\":{\"@id\":\"https:\/\/www.retailsystem.com\/cz\/#organization\"},\"potentialAction\":[{\"@type\":\"SearchAction\",\"target\":{\"@type\":\"EntryPoint\",\"urlTemplate\":\"https:\/\/www.retailsystem.com\/cz\/?s={search_term_string}\"},\"query-input\":\"required name=search_term_string\"}],\"inLanguage\":\"cs\"},{\"@type\":\"Organization\",\"@id\":\"https:\/\/www.retailsystem.com\/cz\/#organization\",\"name\":\"RetailSystem\",\"url\":\"https:\/\/www.retailsystem.com\/cz\/\",\"logo\":{\"@type\":\"ImageObject\",\"inLanguage\":\"cs\",\"@id\":\"https:\/\/www.retailsystem.com\/cz\/#\/schema\/logo\/image\/\",\"url\":\"https:\/\/www.retailsystem.com\/cz\/wp-content\/uploads\/sites\/5\/2020\/07\/RetailSystem-250.png\",\"contentUrl\":\"https:\/\/www.retailsystem.com\/cz\/wp-content\/uploads\/sites\/5\/2020\/07\/RetailSystem-250.png\",\"width\":250,\"height\":49,\"caption\":\"RetailSystem\"},\"image\":{\"@id\":\"https:\/\/www.retailsystem.com\/cz\/#\/schema\/logo\/image\/\"},\"sameAs\":[\"https:\/\/twitter.com\/jesseakre\",\"https:\/\/www.linkedin.com\/company\/retailsystem\/\"]}]}<\/script>\n<!-- \/ Yoast SEO plugin. -->","yoast_head_json":{"title":"O N\u00e1s","description":"RetailSystem's team of industry experts supply award-winning management software to furniture and mattress retailers worldwide.","robots":{"index":"index","follow":"follow","max-snippet":"max-snippet:-1","max-image-preview":"max-image-preview:large","max-video-preview":"max-video-preview:-1"},"canonical":"https:\/\/www.retailsystem.com\/cz\/about-us\/","og_locale":"cs_CZ","og_type":"article","og_title":"O N\u00e1s","og_description":"RetailSystem's team of industry experts supply award-winning management software to furniture and mattress retailers worldwide.","og_url":"https:\/\/www.retailsystem.com\/cz\/about-us\/","og_site_name":"RetailSystem Czech Republic","article_modified_time":"2024-05-13T13:05:49+00:00","og_image":[{"url":"https:\/\/www.retailsystem.com\/cz\/wp-content\/uploads\/sites\/5\/2020\/11\/collage-1-master.png"}],"twitter_card":"summary_large_image","twitter_site":"@jesseakre","twitter_misc":{"Odhadovan\u00e1 doba \u010dten\u00ed":"2 minuty"},"schema":{"@context":"https:\/\/schema.org","@graph":[{"@type":"WebPage","@id":"https:\/\/www.retailsystem.com\/cz\/about-us\/","url":"https:\/\/www.retailsystem.com\/cz\/about-us\/","name":"O N\u00e1s","isPartOf":{"@id":"https:\/\/www.retailsystem.com\/cz\/#website"},"datePublished":"2019-06-20T12:08:04+00:00","dateModified":"2024-05-13T13:05:49+00:00","description":"RetailSystem's team of industry experts supply award-winning management software to furniture and mattress retailers worldwide.","breadcrumb":{"@id":"https:\/\/www.retailsystem.com\/cz\/about-us\/#breadcrumb"},"inLanguage":"cs","potentialAction":[{"@type":"ReadAction","target":["https:\/\/www.retailsystem.com\/cz\/about-us\/"]}]},{"@type":"BreadcrumbList","@id":"https:\/\/www.retailsystem.com\/cz\/about-us\/#breadcrumb","itemListElement":[{"@type":"ListItem","position":1,"name":"Home","item":"https:\/\/www.retailsystem.com\/cz\/"},{"@type":"ListItem","position":2,"name":"O N\u00e1s"}]},{"@type":"WebSite","@id":"https:\/\/www.retailsystem.com\/cz\/#website","url":"https:\/\/www.retailsystem.com\/cz\/","name":"RetailSystem","description":"Cloud-based EPOS for Furniture and Mattress Retailers","publisher":{"@id":"https:\/\/www.retailsystem.com\/cz\/#organization"},"potentialAction":[{"@type":"SearchAction","target":{"@type":"EntryPoint","urlTemplate":"https:\/\/www.retailsystem.com\/cz\/?s={search_term_string}"},"query-input":"required name=search_term_string"}],"inLanguage":"cs"},{"@type":"Organization","@id":"https:\/\/www.retailsystem.com\/cz\/#organization","name":"RetailSystem","url":"https:\/\/www.retailsystem.com\/cz\/","logo":{"@type":"ImageObject","inLanguage":"cs","@id":"https:\/\/www.retailsystem.com\/cz\/#\/schema\/logo\/image\/","url":"https:\/\/www.retailsystem.com\/cz\/wp-content\/uploads\/sites\/5\/2020\/07\/RetailSystem-250.png","contentUrl":"https:\/\/www.retailsystem.com\/cz\/wp-content\/uploads\/sites\/5\/2020\/07\/RetailSystem-250.png","width":250,"height":49,"caption":"RetailSystem"},"image":{"@id":"https:\/\/www.retailsystem.com\/cz\/#\/schema\/logo\/image\/"},"sameAs":["https:\/\/twitter.com\/jesseakre","https:\/\/www.linkedin.com\/company\/retailsystem\/"]}]}},"_links":{"self":[{"href":"https:\/\/www.retailsystem.com\/cz\/wp-json\/wp\/v2\/pages\/27","targetHints":{"allow":["GET"]}}],"collection":[{"href":"https:\/\/www.retailsystem.com\/cz\/wp-json\/wp\/v2\/pages"}],"about":[{"href":"https:\/\/www.retailsystem.com\/cz\/wp-json\/wp\/v2\/types\/page"}],"author":[{"embeddable":true,"href":"https:\/\/www.retailsystem.com\/cz\/wp-json\/wp\/v2\/users\/2"}],"replies":[{"embeddable":true,"href":"https:\/\/www.retailsystem.com\/cz\/wp-json\/wp\/v2\/comments?post=27"}],"version-history":[{"count":0,"href":"https:\/\/www.retailsystem.com\/cz\/wp-json\/wp\/v2\/pages\/27\/revisions"}],"wp:attachment":[{"href":"https:\/\/www.retailsystem.com\/cz\/wp-json\/wp\/v2\/media?parent=27"}],"curies":[{"name":"wp","href":"https:\/\/api.w.org\/{rel}","templated":true}]}}