{"id":5,"date":"2019-06-20T12:12:31","date_gmt":"2019-06-20T11:12:31","guid":{"rendered":"https:\/\/www.retailsystem.com\/cz\/?page_id=5"},"modified":"2025-10-16T10:00:42","modified_gmt":"2025-10-16T15:00:42","slug":"home","status":"publish","type":"page","link":"https:\/\/www.retailsystem.com\/cz\/","title":{"rendered":"\u00davod"},"content":{"rendered":"<h4><b>Spravujte sv\u016fj obchod s n\u00e1bytkem a postelemi<br>d\u00edky mnohokr\u00e1t ocen\u011bn\u00e9mu prodejn\u00edmu syst\u00e9mu v cloudu.<\/b><\/h4>\n<img loading=\"lazy\" decoding=\"async\" src=\"https:\/\/www.retailsystem.com\/cz\/wp-content\/uploads\/sites\/5\/2019\/06\/collage-1-master.png\" alt=\"RetailSystem - Any Device\" height=\"328\" width=\"500\" title=\"RetailSystem - Any Device\" \/><h2><b>P\u0159ipraveno pro obchody s n\u00e1bytkem<\/b><\/h2><h5><\/h5><h5><b>Syst\u00e9m v cloudu<\/b><\/h5><p>Ji\u017e \u017e\u00e1dn\u00e9 zdlouhav\u00e9 instalace program\u016f ani \u0159e\u0161en\u00ed aktualizac\u00ed. Syst\u00e9m b\u011b\u017e\u00ed pln\u011b v cloudu a o aktualizace se postar\u00e1me my. Svoboda bez z\u00e1vazku se syst\u00e9mem jako slu\u017ebou.<\/p>\n<h5><b>Snadn\u00e9 p\u0159id\u00e1v\u00e1n\u00ed produkt\u016f<\/b><\/h5><p>Produkty m\u016f\u017eete p\u0159id\u00e1vat i b\u011bhem vytv\u00e1\u0159en\u00ed objedn\u00e1vky, pokud je\u0161t\u011b nem\u00e1te produkt za\u0159azen\u00fd v katalogu nebo si z\u00e1kazn\u00edk objedn\u00e1v\u00e1 produkt na m\u00edru.<\/p>\n<h5><b>V\u017edy aktu\u00e1ln\u00ed informace<\/b><\/h5><p>Ve\u0161ker\u00e9 p\u0159ehledy je mo\u017en\u00e9 filtrovat podle jednotliv\u00fdch u\u017eivatel\u016f i obchod\u016f. Skladov\u00e1 data jsou v\u017edy aktu\u00e1ln\u00ed.<\/p>\n<h5><b>P\u0159es internet, odkudkoliv<\/b><\/h5><p>Stoln\u00ed po\u010d\u00edta\u010d, notebook, tablet i chytr\u00fd telefon. Windows, Linux, macOS, iOS i Android<br \/><b>&#8211; \u017e\u00e1dn\u00e1 platforma n\u00e1m nen\u00ed ciz\u00ed.<\/b><\/p>\n<h5>Ve Velk\u00e9 Brit\u00e1nii jsme dostali ocen\u011bn\u00ed:<\/h5><h3> <i>\u201eNejlep\u0161\u00ed dodavatel softwaru <br>pro obchody s n\u00e1bytkem a postelemi\u201c <\/i><\/h3><h5><br>V pravideln\u00e9m hlasov\u00e1n\u00ed n\u00e1s majitel\u00e9 obchod\u016f zvolili ji\u017e \u0161estn\u00e1ct let po sob\u011b (2009\u20132025).<\/h5><h6><b>PRO\u010c ZVOLIT RETAILSYSTEM?<\/b><\/h6><img decoding=\"async\" src=\"https:\/\/www.retailsystem.com\/cz\/wp-content\/uploads\/sites\/5\/2019\/06\/built-grow.svg\" alt=\"built-grow\" title=\"built-grow\" \/><h4><b>Syst\u00e9m roste s V\u00e1mi<\/b><\/h4><p> RetailSystem je ur\u010den\u00fd pro za\u010d\u00ednaj\u00edc\u00ed obchody,<br \/>stejn\u011b jako pro zab\u011bhl\u00e9 podniky st\u0159edn\u00ed velikosti.<\/p>\n<img decoding=\"async\" src=\"https:\/\/www.retailsystem.com\/cz\/wp-content\/uploads\/sites\/5\/2019\/06\/hasstle-free.svg\" alt=\"hasstle-free\" title=\"hasstle-free\" \/><h4><b>Snadn\u00e9 nastaven\u00ed<\/b><\/h4><ul>\n<li>\u017d\u00e1dn\u00e9 poplatky za nastaven\u00ed.<\/li>\n<li>Levn\u00fd m\u011bs\u00ed\u010dn\u00ed poplatek. <\/li>\n<li>Bez smlouvy se z\u00e1vazkem.<\/li>\n<li>Servis a podpora v cen\u011b!<\/li>\n<\/ul>\n<img decoding=\"async\" src=\"https:\/\/www.retailsystem.com\/cz\/wp-content\/uploads\/sites\/5\/2019\/06\/access-orders.svg\" alt=\"access-orders\" title=\"access-orders\" \/><h4><b>Dostupn\u00e9 z ka\u017ed\u00e9ho za\u0159\u00edzen\u00ed<\/b><\/h4><p>P\u0159\u00edstup z ka\u017ed\u00e9ho za\u0159\u00edzen\u00ed s p\u0159ipojen\u00edm k internetu.<\/p>\n<h4>Podporujeme obchodn\u00edky s n\u00e1bytkem<\/h4><img decoding=\"async\" src=\"https:\/\/www.retailsystem.com\/cz\/wp-content\/uploads\/sites\/5\/2019\/06\/collage-1-master.png\" alt=\"RetailSystem - Any Device\" title=\"RetailSystem - Any Device\" \/><h4><b>Prodejn\u00ed syst\u00e9m v cloudu v\u00e1m pom\u016f\u017ee starat se o sv\u016fj obchod efektivn\u011b<\/b><\/h4>Pokud je\u0161t\u011b pou\u017e\u00edv\u00e1te pero a pap\u00edr nebo plat\u00edte za aktualizace syst\u00e9mu a s t\u00edm spojen\u00e9 slu\u017eby a podporu &#8211; RetailSystem prom\u011bn\u00ed va\u0161e podnik\u00e1n\u00ed bez ohledu na jeho velikost.<br \/>\nA co v\u00edc, proto\u017ee software b\u011b\u017e\u00ed v cloudu, nen\u00ed t\u0159eba instalovat \u017e\u00e1dn\u00fd software. \n<p><b>Rozhodn\u011b nebudete platit poplatky za nastaven\u00ed, podepisovat smlouvu se z\u00e1vazkem nebo platit n\u00e1klady na aktualizace.<\/b><\/p>\n<a href=\"https:\/\/www.retailsystem.com\/cz\/contact-us\/\" target=\"_self\">Zjistit v\u00edce<\/a><h3>Zarezervujte si bezplatnou uk\u00e1zku syst\u00e9mu &#8594;<\/h3><a href=\"https:\/\/www.retailsystem.com\/cz\/contact-us\/\" target=\"_self\">Zarezervovat uk\u00e1zku<\/a><h6>FUNKCE SYST\u00c9MU<\/h6>\n\t\t\t<img decoding=\"async\" src=\"https:\/\/www.retailsystem.com\/cz\/wp-content\/uploads\/sites\/5\/2019\/06\/ico-sales-floor.svg\">\n\t\t\t\t<a href=\"https:\/\/www.retailsystem.com\/cz\/features\/sales-floor\/\" target=\"_self\"><h4>Prodejn\u00ed plocha<\/h4><\/a>\t\t\t\t<p>Pomoc\u00ed chytr\u00fdch za\u0159\u00edzen\u00ed m\u016f\u017eete vytv\u00e1\u0159et objedn\u00e1vky, i zkontrolovat skladovou dostupnost zbo\u017e\u00ed p\u0159i prodeji z\u00e1kazn\u00edk\u016fm.<\/p>\t\t\t\t<a href=\"https:\/\/www.retailsystem.com\/cz\/features\/sales-floor\/\" target=\"_self\">Dozv\u011bd\u011bt se v\u00edce<\/a>\t\t\t\n\t\t\t<img decoding=\"async\" src=\"https:\/\/www.retailsystem.com\/cz\/wp-content\/uploads\/sites\/5\/2019\/06\/ico-warehouse.svg\">\n\t\t\t\t<a href=\"https:\/\/www.retailsystem.com\/cz\/features\/warehousing\/\" target=\"_self\"><h4>Spr\u00e1va skladu<\/h4><\/a>\t\t\t\t<p>Ve\u0161ker\u00e9 informace o skladov\u00fdch z\u00e1sob\u00e1ch m\u00e1te dostupn\u00e9<br><b> v re\u00e1ln\u00e9m \u010dase. <\/b><br><\/p>\t\t\t\t<a href=\"https:\/\/www.retailsystem.com\/cz\/features\/warehousing\/\" target=\"_self\"><br>Dozv\u011bd\u011bt se v\u00edce<\/a>\t\t\t\n\t\t\t<img decoding=\"async\" src=\"https:\/\/www.retailsystem.com\/cz\/wp-content\/uploads\/sites\/5\/2019\/06\/ico-stock.svg\">\n\t\t\t\t<a href=\"https:\/\/www.retailsystem.com\/cz\/features\/purchasing-and-inventory-control\/\" target=\"_self\"><h4>\u0158\u00edzen\u00ed z\u00e1sob<\/h4><\/a>\t\t\t\t<p>Syst\u00e9m v\u00e1s automaticky upozorn\u00ed na n\u00edzk\u00fd po\u010det kus\u016f konkr\u00e9tn\u00edch produkt\u016f a p\u0159iprav\u00ed pro v\u00e1s n\u00e1kupn\u00ed objedn\u00e1vku.<\/p>\t\t\t\t<a href=\"https:\/\/www.retailsystem.com\/cz\/features\/purchasing-and-inventory-control\/\" target=\"_self\">Dozv\u011bd\u011bt se v\u00edce<\/a>\t\t\t\n\t\t\t<img decoding=\"async\" src=\"https:\/\/www.retailsystem.com\/cz\/wp-content\/uploads\/sites\/5\/2019\/06\/ico-analysis.svg\">\n\t\t\t\t<a href=\"https:\/\/www.retailsystem.com\/cz\/features\/sales-analysis\/\" target=\"_self\"><h4>Anal\u00fdza prodeje<\/h4><\/a>\t\t\t\t<p>D\u00edky prodejn\u00edm p\u0159ehled\u016fm m\u016f\u017eete dr\u017eet skladem pouze zbo\u017e\u00ed, kter\u00e9 se dob\u0159e prod\u00e1v\u00e1.<br><b>Konec v\u00fdprodej\u016f star\u00fdch z\u00e1sob.<\/b><\/p>\t\t\t\t<a href=\"https:\/\/www.retailsystem.com\/cz\/features\/sales-analysis\/\" target=\"_self\">Dozv\u011bd\u011bt se v\u00edce<\/a>\t\t\t\n\t\t\t<img decoding=\"async\" src=\"https:\/\/www.retailsystem.com\/cz\/wp-content\/uploads\/sites\/5\/2019\/06\/ico-service.svg\">\n\t\t\t\t<a href=\"https:\/\/www.retailsystem.com\/cz\/features\/customer-service\/\" target=\"_self\"><h4>Z\u00e1kaznick\u00fd servis<\/h4><\/a>\t\t\t\t<p>Z\u016fsta\u0148te v kontaktu se z\u00e1kazn\u00edky s pomoc\u00ed online sledov\u00e1n\u00ed z\u00e1silek, SMS upozorn\u011bn\u00ed a dal\u0161\u00edch mo\u017enost\u00ed komunikace.<\/p>\t\t\t\t<a href=\"https:\/\/www.retailsystem.com\/cz\/features\/customer-service\/\" target=\"_self\">Dozv\u011bd\u011bt se v\u00edce<\/a>\t\t\t\n\t\t\t<img decoding=\"async\" src=\"https:\/\/www.retailsystem.com\/cz\/wp-content\/uploads\/sites\/5\/2019\/06\/ico-ecommerce.svg\">\n\t\t\t\t<a href=\"https:\/\/www.retailsystem.com\/cz\/features\/websystem\/\" target=\"_self\"><h4>Vlastn\u00ed e-shop<\/h4><\/a>\t\t\t\t<p>Zaujm\u011bte z\u00e1kazn\u00edky nov\u00fdm prodejn\u00edm kan\u00e1lem &#8211; z va\u0161ich dat v syst\u00e9mu v\u00e1m vytvo\u0159\u00edme modern\u00ed e-shop.<\/p>\t\t\t\t<a href=\"https:\/\/www.retailsystem.com\/cz\/features\/websystem\/\" target=\"_self\">Dozv\u011bd\u011bt se v\u00edce<\/a>\t\t\t\n<h6>Jak za\u010d\u00edt<\/h6>1<div class=\"gs-dots clearfix\"><div class=\"gs-dot\"><\/div><div class=\"gs-dot\"><\/div><div class=\"gs-dot\"><\/div><div class=\"gs-dot\"><\/div><div class=\"gs-dot\"><\/div><\/div><h4>Bezplatn\u00e1 konzultace<\/h4><h5>Promluvte si s jedn\u00edm z na\u0161ich expert\u016f o va\u0161em podnik\u00e1n\u00ed.<\/h5>2<div class=\"gs-dots clearfix\"><div class=\"gs-dot\"><\/div><div class=\"gs-dot\"><\/div><div class=\"gs-dot\"><\/div><div class=\"gs-dot\"><\/div><div class=\"gs-dot\"><\/div><\/div><h5><strong>Uk\u00e1zka syst\u00e9mu<\/strong><\/h5><h5>P\u0159edvedeme v\u00e1m uk\u00e1zku syst\u00e9mu a zodpov\u00edme va\u0161e dotazy.<\/h5>3<div class=\"gs-dots clearfix\"><div class=\"gs-dot\"><\/div><div class=\"gs-dot\"><\/div><div class=\"gs-dot\"><\/div><div class=\"gs-dot\"><\/div><div class=\"gs-dot\"><\/div><\/div><h5><strong>Nastaven\u00ed syst\u00e9mu<\/strong><\/h5><h5>V\u0161e pro v\u00e1s p\u0159iprav\u00edme <br> (nepot\u0159ebujete nov\u00e1 za\u0159\u00edzen\u00ed).<\/h5>4<h5><strong>Jste p\u0159ipraveni!<\/strong><\/h5><h5>Pozvedn\u011bte sv\u00e9 podnik\u00e1n\u00ed na zcela novou \u00farove\u0148.<\/h5><p>Abychom v\u00e1m pomohli za\u010d\u00edt, nab\u00edz\u00edme:<\/p>\n<h4>Zdigitalizujeme v\u00e1\u0161 prodejn\u00ed katalog<\/h4>\n<h4>Zajist\u00edme import va\u0161ich stav\u00e1j\u00edc\u00edch informac\u00ed o z\u00e1kazn\u00edc\u00edch<\/h4><p><\/p>\n<h4>\u0160kolen\u00ed je zahrnut\u00e9 v cen\u011b<\/h4><p><\/p>\n<h4>Bezplatn\u00e1 podpora po celou dobu pou\u017e\u00edv\u00e1n\u00ed<\/h4><p><\/p>\n<h4>Bezplatn\u00e9 nastaven\u00ed syst\u00e9mu<\/h4><p><\/p>\n<h3><b>Ji\u017e 850+ obchodn\u00edk\u016f s n\u00e1bytkem vybudovalo d\u00edky syst\u00e9mu RetailSystem v\u00fdd\u011ble\u010dn\u00e9 obchody.<\/b><\/h3>","protected":false},"excerpt":{"rendered":"<p>Spravujte sv\u016fj obchod s n\u00e1bytkem a postelemid\u00edky mnohokr\u00e1t ocen\u011bn\u00e9mu prodejn\u00edmu syst\u00e9mu v cloudu. P\u0159ipraveno pro obchody s n\u00e1bytkem Syst\u00e9m v cloudu Ji\u017e \u017e\u00e1dn\u00e9 zdlouhav\u00e9 instalace program\u016f ani \u0159e\u0161en\u00ed aktualizac\u00ed. Syst\u00e9m b\u011b\u017e\u00ed pln\u011b v cloudu a o aktualizace se postar\u00e1me my&#8230;.<\/p>\n","protected":false},"author":2,"featured_media":0,"parent":0,"menu_order":0,"comment_status":"closed","ping_status":"closed","template":"","meta":{"_acf_changed":false,"footnotes":""},"class_list":["post-5","page","type-page","status-publish","hentry"],"acf":[],"yoast_head":"<!-- This site is optimized with the Yoast SEO plugin v20.11 - https:\/\/yoast.com\/wordpress\/plugins\/seo\/ -->\n<title>RetailSystem - Czech Republic - Czechia | Cloud-based POS - Software solutions for Furniture Retail<\/title>\n<meta name=\"description\" content=\"RetailSystem is a leading provider of cloud-based POS software for furniture and mattress retailers. Manage your sales floor and inventory one easy-to-use system.\" \/>\n<meta name=\"robots\" content=\"index, follow, max-snippet:-1, max-image-preview:large, max-video-preview:-1\" \/>\n<link rel=\"canonical\" href=\"https:\/\/www.retailsystem.com\/cz\/\" \/>\n<meta property=\"og:locale\" content=\"cs_CZ\" \/>\n<meta property=\"og:type\" content=\"article\" \/>\n<meta property=\"og:title\" content=\"RetailSystem - Czech Republic - Czechia | Cloud-based POS - Software solutions for Furniture Retail\" \/>\n<meta property=\"og:description\" content=\"RetailSystem is a leading provider of cloud-based POS software for furniture and mattress retailers. Manage your sales floor and inventory one easy-to-use system.\" \/>\n<meta property=\"og:url\" content=\"https:\/\/www.retailsystem.com\/cz\/\" \/>\n<meta property=\"og:site_name\" content=\"RetailSystem Czech Republic\" \/>\n<meta property=\"article:modified_time\" content=\"2025-10-16T15:00:42+00:00\" \/>\n<meta property=\"og:image\" content=\"https:\/\/www.retailsystem.com\/cz\/wp-content\/uploads\/sites\/5\/2019\/06\/collage-1-master.png\" \/>\n<meta name=\"twitter:card\" content=\"summary_large_image\" \/>\n<meta name=\"twitter:site\" content=\"@jesseakre\" \/>\n<meta name=\"twitter:label1\" content=\"Odhadovan\u00e1 doba \u010dten\u00ed\" \/>\n\t<meta name=\"twitter:data1\" content=\"3 minuty\" \/>\n<script type=\"application\/ld+json\" class=\"yoast-schema-graph\">{\"@context\":\"https:\/\/schema.org\",\"@graph\":[{\"@type\":\"WebPage\",\"@id\":\"https:\/\/www.retailsystem.com\/cz\/\",\"url\":\"https:\/\/www.retailsystem.com\/cz\/\",\"name\":\"RetailSystem - Czech Republic - Czechia | Cloud-based POS - Software solutions for Furniture Retail\",\"isPartOf\":{\"@id\":\"https:\/\/www.retailsystem.com\/cz\/#website\"},\"datePublished\":\"2019-06-20T11:12:31+00:00\",\"dateModified\":\"2025-10-16T15:00:42+00:00\",\"description\":\"RetailSystem is a leading provider of cloud-based POS software for furniture and mattress retailers. Manage your sales floor and inventory one easy-to-use system.\",\"breadcrumb\":{\"@id\":\"https:\/\/www.retailsystem.com\/cz\/#breadcrumb\"},\"inLanguage\":\"cs\",\"potentialAction\":[{\"@type\":\"ReadAction\",\"target\":[\"https:\/\/www.retailsystem.com\/cz\/\"]}]},{\"@type\":\"BreadcrumbList\",\"@id\":\"https:\/\/www.retailsystem.com\/cz\/#breadcrumb\",\"itemListElement\":[{\"@type\":\"ListItem\",\"position\":1,\"name\":\"Home\",\"item\":\"https:\/\/www.retailsystem.com\/cz\/\"},{\"@type\":\"ListItem\",\"position\":2,\"name\":\"\u00davod\"}]},{\"@type\":\"WebSite\",\"@id\":\"https:\/\/www.retailsystem.com\/cz\/#website\",\"url\":\"https:\/\/www.retailsystem.com\/cz\/\",\"name\":\"RetailSystem\",\"description\":\"Cloud-based EPOS for Furniture and Mattress Retailers\",\"publisher\":{\"@id\":\"https:\/\/www.retailsystem.com\/cz\/#organization\"},\"potentialAction\":[{\"@type\":\"SearchAction\",\"target\":{\"@type\":\"EntryPoint\",\"urlTemplate\":\"https:\/\/www.retailsystem.com\/cz\/?s={search_term_string}\"},\"query-input\":\"required name=search_term_string\"}],\"inLanguage\":\"cs\"},{\"@type\":\"Organization\",\"@id\":\"https:\/\/www.retailsystem.com\/cz\/#organization\",\"name\":\"RetailSystem\",\"url\":\"https:\/\/www.retailsystem.com\/cz\/\",\"logo\":{\"@type\":\"ImageObject\",\"inLanguage\":\"cs\",\"@id\":\"https:\/\/www.retailsystem.com\/cz\/#\/schema\/logo\/image\/\",\"url\":\"https:\/\/www.retailsystem.com\/cz\/wp-content\/uploads\/sites\/5\/2020\/07\/RetailSystem-250.png\",\"contentUrl\":\"https:\/\/www.retailsystem.com\/cz\/wp-content\/uploads\/sites\/5\/2020\/07\/RetailSystem-250.png\",\"width\":250,\"height\":49,\"caption\":\"RetailSystem\"},\"image\":{\"@id\":\"https:\/\/www.retailsystem.com\/cz\/#\/schema\/logo\/image\/\"},\"sameAs\":[\"https:\/\/twitter.com\/jesseakre\",\"https:\/\/www.linkedin.com\/company\/retailsystem\/\"]}]}<\/script>\n<!-- \/ Yoast SEO plugin. -->","yoast_head_json":{"title":"RetailSystem - Czech Republic - Czechia | Cloud-based POS - Software solutions for Furniture Retail","description":"RetailSystem is a leading provider of cloud-based POS software for furniture and mattress retailers. Manage your sales floor and inventory one easy-to-use system.","robots":{"index":"index","follow":"follow","max-snippet":"max-snippet:-1","max-image-preview":"max-image-preview:large","max-video-preview":"max-video-preview:-1"},"canonical":"https:\/\/www.retailsystem.com\/cz\/","og_locale":"cs_CZ","og_type":"article","og_title":"RetailSystem - Czech Republic - Czechia | Cloud-based POS - Software solutions for Furniture Retail","og_description":"RetailSystem is a leading provider of cloud-based POS software for furniture and mattress retailers. Manage your sales floor and inventory one easy-to-use system.","og_url":"https:\/\/www.retailsystem.com\/cz\/","og_site_name":"RetailSystem Czech Republic","article_modified_time":"2025-10-16T15:00:42+00:00","og_image":[{"url":"https:\/\/www.retailsystem.com\/cz\/wp-content\/uploads\/sites\/5\/2019\/06\/collage-1-master.png"}],"twitter_card":"summary_large_image","twitter_site":"@jesseakre","twitter_misc":{"Odhadovan\u00e1 doba \u010dten\u00ed":"3 minuty"},"schema":{"@context":"https:\/\/schema.org","@graph":[{"@type":"WebPage","@id":"https:\/\/www.retailsystem.com\/cz\/","url":"https:\/\/www.retailsystem.com\/cz\/","name":"RetailSystem - Czech Republic - Czechia | Cloud-based POS - Software solutions for Furniture Retail","isPartOf":{"@id":"https:\/\/www.retailsystem.com\/cz\/#website"},"datePublished":"2019-06-20T11:12:31+00:00","dateModified":"2025-10-16T15:00:42+00:00","description":"RetailSystem is a leading provider of cloud-based POS software for furniture and mattress retailers. Manage your sales floor and inventory one easy-to-use system.","breadcrumb":{"@id":"https:\/\/www.retailsystem.com\/cz\/#breadcrumb"},"inLanguage":"cs","potentialAction":[{"@type":"ReadAction","target":["https:\/\/www.retailsystem.com\/cz\/"]}]},{"@type":"BreadcrumbList","@id":"https:\/\/www.retailsystem.com\/cz\/#breadcrumb","itemListElement":[{"@type":"ListItem","position":1,"name":"Home","item":"https:\/\/www.retailsystem.com\/cz\/"},{"@type":"ListItem","position":2,"name":"\u00davod"}]},{"@type":"WebSite","@id":"https:\/\/www.retailsystem.com\/cz\/#website","url":"https:\/\/www.retailsystem.com\/cz\/","name":"RetailSystem","description":"Cloud-based EPOS for Furniture and Mattress Retailers","publisher":{"@id":"https:\/\/www.retailsystem.com\/cz\/#organization"},"potentialAction":[{"@type":"SearchAction","target":{"@type":"EntryPoint","urlTemplate":"https:\/\/www.retailsystem.com\/cz\/?s={search_term_string}"},"query-input":"required name=search_term_string"}],"inLanguage":"cs"},{"@type":"Organization","@id":"https:\/\/www.retailsystem.com\/cz\/#organization","name":"RetailSystem","url":"https:\/\/www.retailsystem.com\/cz\/","logo":{"@type":"ImageObject","inLanguage":"cs","@id":"https:\/\/www.retailsystem.com\/cz\/#\/schema\/logo\/image\/","url":"https:\/\/www.retailsystem.com\/cz\/wp-content\/uploads\/sites\/5\/2020\/07\/RetailSystem-250.png","contentUrl":"https:\/\/www.retailsystem.com\/cz\/wp-content\/uploads\/sites\/5\/2020\/07\/RetailSystem-250.png","width":250,"height":49,"caption":"RetailSystem"},"image":{"@id":"https:\/\/www.retailsystem.com\/cz\/#\/schema\/logo\/image\/"},"sameAs":["https:\/\/twitter.com\/jesseakre","https:\/\/www.linkedin.com\/company\/retailsystem\/"]}]}},"_links":{"self":[{"href":"https:\/\/www.retailsystem.com\/cz\/wp-json\/wp\/v2\/pages\/5","targetHints":{"allow":["GET"]}}],"collection":[{"href":"https:\/\/www.retailsystem.com\/cz\/wp-json\/wp\/v2\/pages"}],"about":[{"href":"https:\/\/www.retailsystem.com\/cz\/wp-json\/wp\/v2\/types\/page"}],"author":[{"embeddable":true,"href":"https:\/\/www.retailsystem.com\/cz\/wp-json\/wp\/v2\/users\/2"}],"replies":[{"embeddable":true,"href":"https:\/\/www.retailsystem.com\/cz\/wp-json\/wp\/v2\/comments?post=5"}],"version-history":[{"count":0,"href":"https:\/\/www.retailsystem.com\/cz\/wp-json\/wp\/v2\/pages\/5\/revisions"}],"wp:attachment":[{"href":"https:\/\/www.retailsystem.com\/cz\/wp-json\/wp\/v2\/media?parent=5"}],"curies":[{"name":"wp","href":"https:\/\/api.w.org\/{rel}","templated":true}]}}